{"id":98295,"date":"2025-04-22T13:45:47","date_gmt":"2025-04-22T11:45:47","guid":{"rendered":"https:\/\/urdla.com\/blog\/?page_id=98295"},"modified":"2025-04-22T13:45:47","modified_gmt":"2025-04-22T11:45:47","slug":"reservation-lancement-past-time-paradise-28-juin-2025","status":"publish","type":"page","link":"https:\/\/urdla.com\/blog\/reservation\/reservation-lancement-past-time-paradise-28-juin-2025\/","title":{"rendered":"R\u00e9servation lancement Past Time Paradise 28 juin 2025"},"content":{"rendered":"<div id=\"pl-98295\"  class=\"panel-layout\" ><div id=\"pg-98295-0\"  class=\"panel-grid panel-no-style\" ><div id=\"pgc-98295-0-0\"  class=\"panel-grid-cell\" ><div id=\"panel-98295-0-0-0\" class=\"so-panel widget widget_sow-editor panel-first-child panel-last-child\" data-index=\"0\" ><div\n\t\t\t\n\t\t\tclass=\"so-widget-sow-editor so-widget-sow-editor-base\"\n\t\t\t\n\t\t>\n<div class=\"siteorigin-widget-tinymce textwidget\">\n\t<h3>Pr\u00e9-inscription<\/h3>\n<h2><span class=\"s2\"><b>Lancement\u00a0<\/b><\/span><i>Past Time Paradise<\/i><br \/>\n<b>Rencontre et conversation avec Fr\u00e9d\u00e9ric Khodja et Jacques Sicard \u00e0 URDLA.\u00a0<\/b><\/h2>\n<div><strong>Samedi 28 juin 2025,\u00a0 \u00e0 18 heures 30<\/strong><\/div>\n<p><em>Gratuit<\/em><\/p>\n<p class=\"p2\">URDLA vous contactera prochainement pour vous confirmer votre inscription :<\/p>\n<div role=\"form\" class=\"wpcf7\" id=\"wpcf7-f98346-o1\" lang=\"fr-FR\" dir=\"ltr\">\n<div class=\"screen-reader-response\"><\/div>\n<form action=\"\/blog\/wp-json\/wp\/v2\/pages\/98295#wpcf7-f98346-o1\" method=\"post\" class=\"wpcf7-form\" novalidate=\"novalidate\">\n<div style=\"display: none;\">\n<input type=\"hidden\" name=\"_wpcf7\" value=\"98346\" \/>\n<input type=\"hidden\" name=\"_wpcf7_version\" value=\"5.1\" \/>\n<input type=\"hidden\" name=\"_wpcf7_locale\" value=\"fr_FR\" \/>\n<input type=\"hidden\" name=\"_wpcf7_unit_tag\" value=\"wpcf7-f98346-o1\" \/>\n<input type=\"hidden\" name=\"_wpcf7_container_post\" value=\"0\" \/>\n<input type=\"hidden\" name=\"g-recaptcha-response\" value=\"\" \/>\n<\/div>\n<p><span class=\"wpcf7-form-control-wrap nom\"><input type=\"text\" name=\"nom\" value=\"\" size=\"40\" class=\"wpcf7-form-control wpcf7-text wpcf7-validates-as-required\" aria-required=\"true\" aria-invalid=\"false\" placeholder=\"Nom et pr\u00e9nom\" \/><\/span><\/p>\n<p><span class=\"wpcf7-form-control-wrap email\"><input type=\"email\" name=\"email\" value=\"\" size=\"40\" class=\"wpcf7-form-control wpcf7-text wpcf7-email wpcf7-validates-as-required wpcf7-validates-as-email\" aria-required=\"true\" aria-invalid=\"false\" placeholder=\"Adresse email\" \/><\/span><\/p>\n<p>Nombre de personnes : <span class=\"wpcf7-form-control-wrap personnes\"><input type=\"number\" name=\"personnes\" value=\"1\" class=\"wpcf7-form-control wpcf7-number wpcf7-validates-as-required wpcf7-validates-as-number\" min=\"1\" max=\"10\" aria-required=\"true\" aria-invalid=\"false\" \/><\/span><\/p>\n<p><input type=\"submit\" value=\"Pre-inscription\" class=\"wpcf7-form-control wpcf7-submit\" \/><\/p>\n<div class=\"wpcf7-response-output wpcf7-display-none\"><\/div><\/form><\/div>\n<\/div>\n<\/div><\/div><\/div><\/div><\/div>","protected":false},"excerpt":{"rendered":"<p>Pr\u00e9-inscription Lancement\u00a0Past Time Paradise Rencontre et conversation avec Fr\u00e9d\u00e9ric Khodja et Jacques Sicard \u00e0 URDLA.\u00a0 Samedi 28 juin 2025,\u00a0 \u00e0 18 heures 30 Gratuit URDLA vous contactera prochainement pour vous confirmer votre inscription :<\/p>\n","protected":false},"author":4,"featured_media":0,"parent":956,"menu_order":0,"comment_status":"closed","ping_status":"closed","template":"","meta":[],"acf":[],"_links":{"self":[{"href":"https:\/\/urdla.com\/blog\/wp-json\/wp\/v2\/pages\/98295"}],"collection":[{"href":"https:\/\/urdla.com\/blog\/wp-json\/wp\/v2\/pages"}],"about":[{"href":"https:\/\/urdla.com\/blog\/wp-json\/wp\/v2\/types\/page"}],"author":[{"embeddable":true,"href":"https:\/\/urdla.com\/blog\/wp-json\/wp\/v2\/users\/4"}],"replies":[{"embeddable":true,"href":"https:\/\/urdla.com\/blog\/wp-json\/wp\/v2\/comments?post=98295"}],"version-history":[{"count":2,"href":"https:\/\/urdla.com\/blog\/wp-json\/wp\/v2\/pages\/98295\/revisions"}],"predecessor-version":[{"id":98347,"href":"https:\/\/urdla.com\/blog\/wp-json\/wp\/v2\/pages\/98295\/revisions\/98347"}],"up":[{"embeddable":true,"href":"https:\/\/urdla.com\/blog\/wp-json\/wp\/v2\/pages\/956"}],"wp:attachment":[{"href":"https:\/\/urdla.com\/blog\/wp-json\/wp\/v2\/media?parent=98295"}],"curies":[{"name":"wp","href":"https:\/\/api.w.org\/{rel}","templated":true}]}}