{"id":70232,"date":"2025-01-24T10:00:36","date_gmt":"2025-01-24T09:00:36","guid":{"rendered":"https:\/\/urdla.com\/blog\/?page_id=70232"},"modified":"2025-01-30T15:36:59","modified_gmt":"2025-01-30T14:36:59","slug":"rencontres-causeries-entre-art-psychanalyse-zoom","status":"publish","type":"page","link":"https:\/\/urdla.com\/blog\/reservation\/rencontres-causeries-entre-art-psychanalyse-zoom\/","title":{"rendered":"R\u00e9servation Rencontres et causeries entre art et psychanalyse &#8211; zoom"},"content":{"rendered":"<div id=\"pl-70232\"  class=\"panel-layout\" ><div id=\"pg-70232-0\"  class=\"panel-grid panel-no-style\" ><div id=\"pgc-70232-0-0\"  class=\"panel-grid-cell\" ><div id=\"panel-70232-0-0-0\" class=\"so-panel widget widget_sow-editor panel-first-child panel-last-child\" data-index=\"0\" ><div\n\t\t\t\n\t\t\tclass=\"so-widget-sow-editor so-widget-sow-editor-base\"\n\t\t\t\n\t\t>\n<div class=\"siteorigin-widget-tinymce textwidget\">\n\t<h3>Pr\u00e9-inscription en visioconf\u00e9rence (Zoom)<\/h3>\n<h2><b>Rencontres et causeries entre art et psychanalyse<br \/>\n<\/b><b>avec Ma\u00eft\u00e9 Marra et Cyrille Noirjean.<\/b><\/h2>\n<p><strong>Samedi 8 f\u00e9vrier 2025, \u00e0 10 heures<\/strong><\/p>\n<p><em>Gratuit\u00a0<\/em><\/p>\n<p class=\"p2\">URDLA vous contactera prochainement pour vous confirmer votre inscription &amp; vous envoyer le lien Zoom :<\/p>\n<div role=\"form\" class=\"wpcf7\" id=\"wpcf7-f70230-o1\" lang=\"fr-FR\" dir=\"ltr\">\n<div class=\"screen-reader-response\"><\/div>\n<form action=\"\/blog\/wp-json\/wp\/v2\/pages\/70232#wpcf7-f70230-o1\" method=\"post\" class=\"wpcf7-form\" novalidate=\"novalidate\">\n<div style=\"display: none;\">\n<input type=\"hidden\" name=\"_wpcf7\" value=\"70230\" \/>\n<input type=\"hidden\" name=\"_wpcf7_version\" value=\"5.1\" \/>\n<input type=\"hidden\" name=\"_wpcf7_locale\" value=\"fr_FR\" \/>\n<input type=\"hidden\" name=\"_wpcf7_unit_tag\" value=\"wpcf7-f70230-o1\" \/>\n<input type=\"hidden\" name=\"_wpcf7_container_post\" value=\"0\" \/>\n<input type=\"hidden\" name=\"g-recaptcha-response\" value=\"\" \/>\n<\/div>\n<p><span class=\"wpcf7-form-control-wrap nom\"><input type=\"text\" name=\"nom\" value=\"\" size=\"40\" class=\"wpcf7-form-control wpcf7-text wpcf7-validates-as-required\" aria-required=\"true\" aria-invalid=\"false\" placeholder=\"Nom et pr\u00e9nom\" \/><\/span><\/p>\n<p><span class=\"wpcf7-form-control-wrap email\"><input type=\"email\" name=\"email\" value=\"\" size=\"40\" class=\"wpcf7-form-control wpcf7-text wpcf7-email wpcf7-validates-as-required wpcf7-validates-as-email\" aria-required=\"true\" aria-invalid=\"false\" placeholder=\"Adresse email\" \/><\/span><\/p>\n<p>Nombre de personnes : <span class=\"wpcf7-form-control-wrap personnes\"><input type=\"number\" name=\"personnes\" value=\"1\" class=\"wpcf7-form-control wpcf7-number wpcf7-validates-as-required wpcf7-validates-as-number\" min=\"1\" max=\"2\" aria-required=\"true\" aria-invalid=\"false\" \/><\/span><\/p>\n<p><input type=\"submit\" value=\"Pre-inscription\" class=\"wpcf7-form-control wpcf7-submit\" \/><\/p>\n<div class=\"wpcf7-response-output wpcf7-display-none\"><\/div><\/form><\/div>\n<\/div>\n<\/div><\/div><\/div><\/div><\/div>","protected":false},"excerpt":{"rendered":"<p>Pr\u00e9-inscription en visioconf\u00e9rence (Zoom) Rencontres et causeries entre art et psychanalyse avec Ma\u00eft\u00e9 Marra et Cyrille Noirjean. Samedi 8 f\u00e9vrier 2025, \u00e0 10 heures Gratuit\u00a0 URDLA vous contactera prochainement pour vous confirmer votre inscription &amp; vous envoyer le lien Zoom :<\/p>\n","protected":false},"author":4,"featured_media":0,"parent":956,"menu_order":0,"comment_status":"closed","ping_status":"closed","template":"","meta":[],"acf":[],"_links":{"self":[{"href":"https:\/\/urdla.com\/blog\/wp-json\/wp\/v2\/pages\/70232"}],"collection":[{"href":"https:\/\/urdla.com\/blog\/wp-json\/wp\/v2\/pages"}],"about":[{"href":"https:\/\/urdla.com\/blog\/wp-json\/wp\/v2\/types\/page"}],"author":[{"embeddable":true,"href":"https:\/\/urdla.com\/blog\/wp-json\/wp\/v2\/users\/4"}],"replies":[{"embeddable":true,"href":"https:\/\/urdla.com\/blog\/wp-json\/wp\/v2\/comments?post=70232"}],"version-history":[{"count":1,"href":"https:\/\/urdla.com\/blog\/wp-json\/wp\/v2\/pages\/70232\/revisions"}],"predecessor-version":[{"id":70233,"href":"https:\/\/urdla.com\/blog\/wp-json\/wp\/v2\/pages\/70232\/revisions\/70233"}],"up":[{"embeddable":true,"href":"https:\/\/urdla.com\/blog\/wp-json\/wp\/v2\/pages\/956"}],"wp:attachment":[{"href":"https:\/\/urdla.com\/blog\/wp-json\/wp\/v2\/media?parent=70232"}],"curies":[{"name":"wp","href":"https:\/\/api.w.org\/{rel}","templated":true}]}}