{"id":6583,"date":"2022-02-16T12:23:11","date_gmt":"2022-02-16T11:23:11","guid":{"rendered":"https:\/\/urdla.com\/blog\/?page_id=6583"},"modified":"2026-02-12T09:52:24","modified_gmt":"2026-02-12T08:52:24","slug":"formation-continue-lithographie-niveau-i","status":"publish","type":"page","link":"https:\/\/urdla.com\/blog\/formations\/formation-continue-lithographie-niveau-i\/","title":{"rendered":"Formation continue lithographie Niveau I"},"content":{"rendered":"<div id=\"pl-6583\"  class=\"panel-layout\" ><div id=\"pg-6583-0\"  class=\"panel-grid panel-no-style\" ><div id=\"pgc-6583-0-0\"  class=\"panel-grid-cell\" ><div id=\"panel-6583-0-0-0\" class=\"so-panel widget widget_sow-image panel-first-child panel-last-child\" data-index=\"0\" ><div\n\t\t\t\n\t\t\tclass=\"so-widget-sow-image so-widget-sow-image-default-8b5b6f678277-6583\"\n\t\t\t\n\t\t>\n<div class=\"sow-image-container\">\n\t\t<img \n\tsrc=\"https:\/\/urdla.com\/blog\/wp-content\/uploads\/2022\/02\/3-scaled.jpg\" width=\"2560\" height=\"866\" srcset=\"https:\/\/urdla.com\/blog\/wp-content\/uploads\/2022\/02\/3-scaled.jpg 2560w, https:\/\/urdla.com\/blog\/wp-content\/uploads\/2022\/02\/3-300x101.jpg 300w, https:\/\/urdla.com\/blog\/wp-content\/uploads\/2022\/02\/3-1024x346.jpg 1024w, https:\/\/urdla.com\/blog\/wp-content\/uploads\/2022\/02\/3-768x260.jpg 768w, https:\/\/urdla.com\/blog\/wp-content\/uploads\/2022\/02\/3-1536x520.jpg 1536w, https:\/\/urdla.com\/blog\/wp-content\/uploads\/2022\/02\/3-2048x693.jpg 2048w, https:\/\/urdla.com\/blog\/wp-content\/uploads\/2022\/02\/3-2000x677.jpg 2000w, https:\/\/urdla.com\/blog\/wp-content\/uploads\/2022\/02\/3-1568x530.jpg 1568w\" sizes=\"(max-width: 2560px) 100vw, 2560px\" title=\"3\" alt=\"\" loading=\"lazy\" \t\tclass=\"so-widget-image\"\/>\n\t<\/div>\n\n<\/div><\/div><\/div><\/div><div id=\"pg-6583-1\"  class=\"panel-grid panel-no-style\" ><div id=\"pgc-6583-1-0\"  class=\"panel-grid-cell\" ><div id=\"panel-6583-1-0-0\" class=\"so-panel widget widget_sow-editor panel-first-child panel-last-child\" data-index=\"1\" ><div\n\t\t\t\n\t\t\tclass=\"so-widget-sow-editor so-widget-sow-editor-base\"\n\t\t\t\n\t\t>\n<div class=\"siteorigin-widget-tinymce textwidget\">\n\t<h1 style=\"font-size: 4rem;\">Lithographie Niveau I<\/h1>\n<h2>Formation continue<\/h2>\n<\/div>\n<\/div><\/div><\/div><\/div><div id=\"pg-6583-2\"  class=\"panel-grid panel-no-style\" ><div id=\"pgc-6583-2-0\"  class=\"panel-grid-cell\" ><div id=\"panel-6583-2-0-0\" class=\"so-panel widget widget_sow-editor panel-first-child panel-last-child\" data-index=\"2\" ><div\n\t\t\t\n\t\t\tclass=\"so-widget-sow-editor so-widget-sow-editor-base\"\n\t\t\t\n\t\t>\n<div class=\"siteorigin-widget-tinymce textwidget\">\n\t<p>URDLA, galerie d\u2019art d\u00e9di\u00e9e \u00e0 l\u2019estampe contemporaine, est aussi un lieu de transmission, reconnu comme organisme de formation. Ayant pour ambition d\u2019initier artistes et amateurs aux techniques de l\u2019estampe, nous proposons des formations continues afin d\u2019approfondir ou de s\u2019initier \u00e0 la lithographie.<\/p>\n<p>\u00c0 l\u2019origine de la cr\u00e9ation de l\u2019association en 1978 suite au sauvetage d\u2019une imprimerie lithographique lyonnaise, la lithographie est l\u2019une des techniques phares pratiqu\u00e9es \u00e0 URDLA.<br \/>\nC\u2019est dans cette logique de pr\u00e9servation et transmission de ce savoir-faire que nous proposons une <strong>formation lithographie<\/strong>. Formation qui repose d\u2019abord sur un savoir-faire en la personne du lithographe, mais \u00e9galement sur le mat\u00e9riel mis \u00e0 disposition : stock de pierres calcaires centenaires et les presses. Ainsi pendant quatre jours (32 heures) intensifs au c\u0153ur de nos ateliers, le lithographe vous enseignera et vous accompagnera lors de chaque \u00e9tape de la r\u00e9alisation d\u2019une lithographie que ce soit du grainage de la pierre calcaire, en passant par le dessin, le traitement de la pierre, l\u2019encrage, jusqu\u2019aux tirages sur la presse \u00e0 bras.<\/p>\n<p>URDLA est forte d\u2019une expertise de plus de quarante ann\u00e9es dans le domaine de l\u2019estampe, assur\u00e9e techniquement par des imprimeurs d\u2019art. Ces techniques rel\u00e8vent d\u2019un patrimoine immat\u00e9riel au service, \u00e0 URDLA, de la cr\u00e9ation contemporaine. Une invitation \u00e0 l\u2019exp\u00e9rimentation, \u00e0 l\u2019acquisition et \u00e0 la pratique dans le cadre exceptionnel que sont les ateliers URDLA.<\/p>\n<p>Lire aussi : <a href=\"https:\/\/urdla.com\/blog\/financement\/\">Comment financer ma formation URDLA ?<\/a><\/p>\n<h3>Situation de Handicap<\/h3>\n<p>Si vous \u00eates en situation de handicap, merci de le faire savoir pour que nous nous adaptions \u00e0 vos n\u00e9cessit\u00e9s.<\/p>\n<\/div>\n<\/div><\/div><\/div><\/div><div id=\"pg-6583-3\"  class=\"panel-grid panel-no-style\" ><div id=\"pgc-6583-3-0\"  class=\"panel-grid-cell\" ><div id=\"panel-6583-3-0-0\" class=\"so-panel widget widget_sow-editor panel-first-child\" data-index=\"3\" ><div\n\t\t\t\n\t\t\tclass=\"so-widget-sow-editor so-widget-sow-editor-base\"\n\t\t\t\n\t\t>\n<div class=\"siteorigin-widget-tinymce textwidget\">\n\t<h2>Programme p\u00e9dagogique<\/h2>\n<p>Notre formation continue en lithographie est d\u00e9coup\u00e9e en quatre modules :<\/p>\n<p>I- <strong>Pr\u00e9sentation des techniques<\/strong> : (4 heures)<\/p>\n<ul>\n<li>Consignes de s\u00e9curit\u00e9.<\/li>\n<li>Th\u00e9orie g\u00e9n\u00e9rale de la lithographie.<\/li>\n<li>Manipulation des pierres.<\/li>\n<li>D\u00e9finition du projet de tirage.<\/li>\n<\/ul>\n<p>II- <strong>Dessiner sur pierre<\/strong> : (12 heures)<\/p>\n<ul>\n<li>Pr\u00e9sentation des outils de dessin.<\/li>\n<li>Dessiner sur pierre lithographique.<\/li>\n<li>Fabriquer de la gomme arabique.<\/li>\n<li>Mettre au point l\u2019acidulation.<\/li>\n<\/ul>\n<p>III- <strong>Imprimer<\/strong> : (12 heures)<\/p>\n<ul>\n<li>Pr\u00e9sentation de la presse.<\/li>\n<li>Fa\u00e7onner le papier.<\/li>\n<li>Caler la pierre.<\/li>\n<li>Fabriquer les encres.<\/li>\n<li>Tirer une bonne impression.<\/li>\n<li>Maintenir le tirage.<\/li>\n<li>Nettoyer &amp; entretenir<\/li>\n<\/ul>\n<p>IV- <strong>Grainer<\/strong> : (4 heures)<\/p>\n<ul>\n<li>Utiliser le grainoir.<\/li>\n<li>Grainer des pierres utilis\u00e9es.<\/li>\n<li>Biseauter les bords de pierre.<\/li>\n<li>Ranger les pierres.<\/li>\n<\/ul>\n<p>&nbsp;<\/p>\n<\/div>\n<\/div><\/div><div id=\"panel-6583-3-0-1\" class=\"so-panel widget widget_sow-editor\" data-index=\"4\" ><div\n\t\t\t\n\t\t\tclass=\"so-widget-sow-editor so-widget-sow-editor-base\"\n\t\t\t\n\t\t>\n<div class=\"siteorigin-widget-tinymce textwidget\">\n\t<h2>Synth\u00e8se de nos formations r\u00e9alis\u00e9es sur l\u2019ann\u00e9e 2025<br \/>\n(pour 12 stagiaires accueillis)<\/h2>\n<ul>\n<li>\u00c9valuation du b\u00e9n\u00e9fice de la formation : 9,81\/10<\/li>\n<li>\u00c9valuation des moyens techniques: 10\/10<\/li>\n<li>Qualit\u00e9 globale des formations: 9,91\/10<\/li>\n<\/ul>\n<\/div>\n<\/div><\/div><div id=\"panel-6583-3-0-2\" class=\"so-panel widget widget_sow-editor panel-last-child\" data-index=\"5\" ><div\n\t\t\t\n\t\t\tclass=\"so-widget-sow-editor so-widget-sow-editor-base\"\n\t\t\t\n\t\t>\n<div class=\"siteorigin-widget-tinymce textwidget\">\n\t<h2>CONTACTS<\/h2>\n<p><strong>Re\u0301fe\u0301rent administratif, pe\u0301dagogique et handicap - Marceau Baptiste - charge\u0301 de formation<\/strong><br \/>\nformation@urdla.com \/ Te\u0301l. 04 72 65 33 34<\/p>\n<\/div>\n<\/div><\/div><\/div><div id=\"pgc-6583-3-1\"  class=\"panel-grid-cell\" ><div id=\"panel-6583-3-1-0\" class=\"so-panel widget widget_sow-editor panel-first-child panel-last-child\" data-index=\"6\" ><div class=\"grey_bloc panel-widget-style panel-widget-style-for-6583-3-1-0\" ><div\n\t\t\t\n\t\t\tclass=\"so-widget-sow-editor so-widget-sow-editor-base\"\n\t\t\t\n\t\t>\n<div class=\"siteorigin-widget-tinymce textwidget\">\n\t<p><em>Dates<\/em><\/p>\n<p><b>du mardi 16 au vendredi 19 juin 2026<\/b><\/p>\n<p><b><\/b><b>du mardi 29 septembre au vendredi 2 octobre 2026<\/b><\/p>\n<p><em>Lieu<\/em><br \/>\n<strong>URDLA<\/strong><\/p>\n<p><strong>limit\u00e9 \u00e0 4 participants<\/strong><\/p>\n<p><em>Dur\u00e9e<\/em><br \/>\n<strong>32 heures<\/strong><\/p>\n<p><em>Horaires<\/em><br \/>\n<strong>De 9 h \u00e0 13 h et de 14 h \u00e0 18 h<\/strong><\/p>\n<p><em>Pr\u00e9requis<br \/>\n<\/em><strong>Ouvert \u00e0 tous, \u00e0 partir de 18 ans, dans le respect des r\u00e8gles sanitaires en vigueur<\/strong><\/p>\n<p><strong>Formulaire d\u2019inscription afin d\u2019\u00e9valuer la faisabilit\u00e9 de votre projet.<\/strong><\/p>\n<p><strong>CV \u00e0 transmettre avant le d\u00e9but de la formation.\u00a0<\/strong><\/p>\n<p><strong>Co\u00fbt de la formation : 2000.\u2013 \u20ac<\/strong><\/p>\n<p><strong>Mat\u00e9riel fourni par URDLA, pr\u00e9voir un tablier<\/strong><\/p>\n<p><strong>\u00c0 l\u2019issue de la formation, une attestation URDLA sera remise \u00e0 chaque participant.<\/strong><\/p>\n<p><a class=\"btn_custom full\" href=\"https:\/\/urdla.com\/blog\/formations\/inscription\/\">Inscription<\/a><\/p>\n<\/div>\n<\/div><\/div><\/div><\/div><\/div><\/div>","protected":false},"excerpt":{"rendered":"<p>Lithographie Niveau I Formation continue<\/p>\n","protected":false},"author":1,"featured_media":0,"parent":6568,"menu_order":0,"comment_status":"closed","ping_status":"closed","template":"","meta":[],"acf":[],"_links":{"self":[{"href":"https:\/\/urdla.com\/blog\/wp-json\/wp\/v2\/pages\/6583"}],"collection":[{"href":"https:\/\/urdla.com\/blog\/wp-json\/wp\/v2\/pages"}],"about":[{"href":"https:\/\/urdla.com\/blog\/wp-json\/wp\/v2\/types\/page"}],"author":[{"embeddable":true,"href":"https:\/\/urdla.com\/blog\/wp-json\/wp\/v2\/users\/1"}],"replies":[{"embeddable":true,"href":"https:\/\/urdla.com\/blog\/wp-json\/wp\/v2\/comments?post=6583"}],"version-history":[{"count":55,"href":"https:\/\/urdla.com\/blog\/wp-json\/wp\/v2\/pages\/6583\/revisions"}],"predecessor-version":[{"id":169224,"href":"https:\/\/urdla.com\/blog\/wp-json\/wp\/v2\/pages\/6583\/revisions\/169224"}],"up":[{"embeddable":true,"href":"https:\/\/urdla.com\/blog\/wp-json\/wp\/v2\/pages\/6568"}],"wp:attachment":[{"href":"https:\/\/urdla.com\/blog\/wp-json\/wp\/v2\/media?parent=6583"}],"curies":[{"name":"wp","href":"https:\/\/api.w.org\/{rel}","templated":true}]}}