{"id":6580,"date":"2022-02-16T12:20:12","date_gmt":"2022-02-16T11:20:12","guid":{"rendered":"https:\/\/urdla.com\/blog\/?page_id=6580"},"modified":"2026-02-12T09:52:13","modified_gmt":"2026-02-12T08:52:13","slug":"formation-continue-en-taille-douce-indirecte-eau-forte-et-aquatinte-niveau-i","status":"publish","type":"page","link":"https:\/\/urdla.com\/blog\/formations\/formation-continue-en-taille-douce-indirecte-eau-forte-et-aquatinte-niveau-i\/","title":{"rendered":"Formation continue en taille-douce indirecte : eau-forte et aquatinte Niveau I"},"content":{"rendered":"<div id=\"pl-6580\"  class=\"panel-layout\" ><div id=\"pg-6580-0\"  class=\"panel-grid panel-no-style\" ><div id=\"pgc-6580-0-0\"  class=\"panel-grid-cell\" ><div id=\"panel-6580-0-0-0\" class=\"so-panel widget widget_sow-image panel-first-child panel-last-child\" data-index=\"0\" ><div\n\t\t\t\n\t\t\tclass=\"so-widget-sow-image so-widget-sow-image-default-8b5b6f678277-6580\"\n\t\t\t\n\t\t>\n<div class=\"sow-image-container\">\n\t\t<img \n\tsrc=\"https:\/\/urdla.com\/blog\/wp-content\/uploads\/2022\/02\/2-scaled.jpg\" width=\"2560\" height=\"866\" srcset=\"https:\/\/urdla.com\/blog\/wp-content\/uploads\/2022\/02\/2-scaled.jpg 2560w, https:\/\/urdla.com\/blog\/wp-content\/uploads\/2022\/02\/2-300x101.jpg 300w, https:\/\/urdla.com\/blog\/wp-content\/uploads\/2022\/02\/2-1024x346.jpg 1024w, https:\/\/urdla.com\/blog\/wp-content\/uploads\/2022\/02\/2-768x260.jpg 768w, https:\/\/urdla.com\/blog\/wp-content\/uploads\/2022\/02\/2-1536x520.jpg 1536w, https:\/\/urdla.com\/blog\/wp-content\/uploads\/2022\/02\/2-2048x693.jpg 2048w, https:\/\/urdla.com\/blog\/wp-content\/uploads\/2022\/02\/2-2000x677.jpg 2000w, https:\/\/urdla.com\/blog\/wp-content\/uploads\/2022\/02\/2-1568x530.jpg 1568w\" sizes=\"(max-width: 2560px) 100vw, 2560px\" title=\"2\" alt=\"\" loading=\"lazy\" \t\tclass=\"so-widget-image\"\/>\n\t<\/div>\n\n<\/div><\/div><\/div><\/div><div id=\"pg-6580-1\"  class=\"panel-grid panel-no-style\" ><div id=\"pgc-6580-1-0\"  class=\"panel-grid-cell\" ><div id=\"panel-6580-1-0-0\" class=\"so-panel widget widget_sow-editor panel-first-child panel-last-child\" data-index=\"1\" ><div\n\t\t\t\n\t\t\tclass=\"so-widget-sow-editor so-widget-sow-editor-base\"\n\t\t\t\n\t\t>\n<div class=\"siteorigin-widget-tinymce textwidget\">\n\t<h1 style=\"font-size: 4rem;\">Eau-forte et aquatinte Niveau I<\/h1>\n<h2>Formation continue en taille-douce indirecte<\/h2>\n<\/div>\n<\/div><\/div><\/div><\/div><div id=\"pg-6580-2\"  class=\"panel-grid panel-no-style\" ><div id=\"pgc-6580-2-0\"  class=\"panel-grid-cell\" ><div id=\"panel-6580-2-0-0\" class=\"so-panel widget widget_sow-editor panel-first-child panel-last-child\" data-index=\"2\" ><div\n\t\t\t\n\t\t\tclass=\"so-widget-sow-editor so-widget-sow-editor-base\"\n\t\t\t\n\t\t>\n<div class=\"siteorigin-widget-tinymce textwidget\">\n\t<p>URDLA, galerie d\u2019art d\u00e9di\u00e9e \u00e0 l\u2019estampe contemporaine, est aussi un lieu de transmission, reconnu comme organisme de formation. Ayant pour ambition d\u2019initier artistes et amateurs aux techniques de l\u2019estampe, nous proposons des formations continues afin d\u2019approfondir ou de s\u2019initier \u00e0 la gravure en taille-douce indirecte par le biais des techniques de l\u2019eau-forte et de l\u2019aquatinte.<\/p>\n<p>Regroupant une multitudes de techniques de la gravure en creux, notre <strong>formation taille-douce<\/strong> repose sur une initiation ou un approfondissement d\u2019une pratique de la taille directe en gravant directement sur la plaque de cuivre \u00e0 l\u2019aide d\u2019outils (burin, pointe-s\u00e8che) et des techniques de la gravure chimique que sont l\u2019eau-forte et l\u2019aquatinte qui font intervenir des mordants sur une plaque pr\u00e9alablement vernis. Pendant quatre jours (32 heures) intensifs au c\u0153ur de nos ateliers, le taille-doucier vous enseignera et vous accompagnera lors de chaque \u00e9tapes de la r\u00e9alisation d\u2019une gravure en taille-douce en eau-forte et en aquatinte que ce soit de la pr\u00e9paration de la matrice de cuivre, en passant par l\u2019encrage, jusqu\u2019aux tirages sur presse taille-douce.<\/p>\n<p>URDLA est forte d\u2019une expertise de plus de quarante ann\u00e9es dans le domaine de l\u2019estampe, assur\u00e9e techniquement par des imprimeurs d\u2019art. Ces techniques rel\u00e8vent d\u2019un patrimoine immat\u00e9riel au service, \u00e0 URDLA, de la cr\u00e9ation contemporaine. Une invitation \u00e0 l\u2019exp\u00e9rimentation, \u00e0 l\u2019acquisition et \u00e0 la pratique dans le cadre exceptionnel que sont les ateliers URDLA.<\/p>\n<p>Lire aussi : <a href=\"https:\/\/urdla.com\/blog\/financement\/\">Comment financer ma formation URDLA ?<\/a><\/p>\n<h3>Situation de Handicap<\/h3>\n<p>Si vous \u00eates en situation de handicap, merci de le faire savoir pour que nous nous adaptions \u00e0 vos n\u00e9cessit\u00e9s.<\/p>\n<\/div>\n<\/div><\/div><\/div><\/div><div id=\"pg-6580-3\"  class=\"panel-grid panel-no-style\" ><div id=\"pgc-6580-3-0\"  class=\"panel-grid-cell\" ><div id=\"panel-6580-3-0-0\" class=\"so-panel widget widget_sow-editor panel-first-child\" data-index=\"3\" ><div\n\t\t\t\n\t\t\tclass=\"so-widget-sow-editor so-widget-sow-editor-base\"\n\t\t\t\n\t\t>\n<div class=\"siteorigin-widget-tinymce textwidget\">\n\t<h2>Programme p\u00e9dagogique<\/h2>\n<p>Notre formation gravure en taille-douce indirecte : eau-forte et aquatinte est d\u00e9coup\u00e9e en six modules :<\/p>\n<p>I- <strong>Pr\u00e9sentation des techniques<\/strong> : (1 heure)<\/p>\n<ul>\n<li>Pr\u00e9sentation des stagiaires et de leur projet.<\/li>\n<li>Rappel des notions techniques de la gravure en taille-douce.<\/li>\n<\/ul>\n<p>II- <strong>Pr\u00e9parer le papier<\/strong> : (2 heures)<\/p>\n<ul>\n<li>Choisir le papier et son grammage.<\/li>\n<li>Couper et fa\u00e7onner le papier.<\/li>\n<li>Mouiller le papier \u00e0 la cuve ou \u00e0 l\u2019\u00e9ponge suivant le grammage et l\u2019encollage.<\/li>\n<li>\u00catre capable de rep\u00e9rer le sens de fabrication (filigrane).<\/li>\n<\/ul>\n<p>III- <strong>Pr\u00e9parer la plaque de cuivre<\/strong>\u00a0: (12 heures)<\/p>\n<ul>\n<li>Eau-forte : d\u00e9graisser, vernir, mordre, biseauter.<\/li>\n<li>Aquatinte : faire un grain : poser le grain, le cuir et le mordre.<\/li>\n<li>R\u00e9aliser des \u00e9tats entre chaque morsure (eau-forte et aquatinte)<\/li>\n<\/ul>\n<p>IV- <strong>R\u00e9aliser un mod\u00e8le sur la matrice<\/strong>\u00a0: (12 heures)<\/p>\n<ul>\n<li>Fa\u00e7onner la matrice \u00e0 l\u2019aide des outils mis \u00e0 disposition ( pointe-s\u00e8che, roulette, etc...).<\/li>\n<\/ul>\n<p>V- <strong>Pr\u00e9parer l\u2019encrage de la plaque<\/strong>\u00a0: (2 heures)<\/p>\n<ul>\n<li>Mettre au point un monochrome (noir) \u00e0 la spatule : apport si n\u00e9cessaire d\u2019huile de lin si allongement.<\/li>\n<li>Encrer la plaque de cuivre au rouleau puis essuyer selon le proc\u00e9d\u00e9 traditionnel.<\/li>\n<\/ul>\n<p>VI- <strong>Imprimer \u00e0 la presse du cuivre encr\u00e9<\/strong>\u00a0: (3 heures)<\/p>\n<ul>\n<li>Avant l\u2019impression, pr\u00e9parer la marge du papier et du centrage de la plaque sur la presse.<\/li>\n<li>Tester la pression.<\/li>\n<li>S\u00e9cher les gravures apr\u00e8s impression, sous buvards et cartons.<\/li>\n<li>V\u00e9rifier et corriger les \u00e9preuves.<\/li>\n<\/ul>\n<\/div>\n<\/div><\/div><div id=\"panel-6580-3-0-1\" class=\"so-panel widget widget_sow-editor\" data-index=\"4\" ><div\n\t\t\t\n\t\t\tclass=\"so-widget-sow-editor so-widget-sow-editor-base\"\n\t\t\t\n\t\t>\n<div class=\"siteorigin-widget-tinymce textwidget\">\n\t<h2>Synth\u00e8se de nos formations r\u00e9alis\u00e9es sur l\u2019ann\u00e9e 2025<br \/>\n(pour 12 stagiaires accueillis)<\/h2>\n<ul>\n<li>\u00c9valuation du b\u00e9n\u00e9fice de la formation : 9,81\/10<\/li>\n<li>\u00c9valuation des moyens techniques: 10\/10<\/li>\n<li>Qualit\u00e9 globale des formations: 9,91\/10<\/li>\n<\/ul>\n<\/div>\n<\/div><\/div><div id=\"panel-6580-3-0-2\" class=\"so-panel widget widget_sow-editor panel-last-child\" data-index=\"5\" ><div\n\t\t\t\n\t\t\tclass=\"so-widget-sow-editor so-widget-sow-editor-base\"\n\t\t\t\n\t\t>\n<div class=\"siteorigin-widget-tinymce textwidget\">\n\t<h2>CONTACTS<\/h2>\n<p><strong>Re\u0301fe\u0301rent administratif, pe\u0301dagogique et handicap - Marceau Baptiste - charge\u0301 de formation<\/strong><br \/>\nformation@urdla.com \/ Te\u0301l. 04 72 65 33 34<\/p>\n<\/div>\n<\/div><\/div><\/div><div id=\"pgc-6580-3-1\"  class=\"panel-grid-cell\" ><div id=\"panel-6580-3-1-0\" class=\"so-panel widget widget_sow-editor panel-first-child panel-last-child\" data-index=\"6\" ><div class=\"grey_bloc panel-widget-style panel-widget-style-for-6580-3-1-0\" ><div\n\t\t\t\n\t\t\tclass=\"so-widget-sow-editor so-widget-sow-editor-base\"\n\t\t\t\n\t\t>\n<div class=\"siteorigin-widget-tinymce textwidget\">\n\t<p><em>Dates<\/em><\/p>\n<p><b>du mardi 16 au vendredi 19 juin 2026<\/b><\/p>\n<p><b><\/b><b>du mardi 29 septembre au vendredi 2 octobre 2026<\/b><\/p>\n<p><em>Lieu<\/em><br \/>\n<strong>URDLA<\/strong><\/p>\n<p><strong>limit\u00e9 \u00e0 7 participants<\/strong><\/p>\n<p><em>Dur\u00e9e<\/em><br \/>\n<strong>32 heures<\/strong><\/p>\n<p><em>Horaires<\/em><br \/>\n<strong>De 9 h \u00e0 13 h et de 14 h \u00e0 18 h<\/strong><\/p>\n<p><em>Pr\u00e9requis<\/em><br \/>\n<strong>Ouvert \u00e0 tous, \u00e0 partir de 18 ans, dans le respect des r\u00e8gles sanitaires en vigueur<\/strong><\/p>\n<p><strong>Formulaire d\u2019inscription afin d\u2019\u00e9valuer la faisabilit\u00e9 de votre projet.<\/strong><\/p>\n<p><strong>CV \u00e0 transmettre avant le d\u00e9but de la formation.\u00a0<\/strong><\/p>\n<p><strong>Co\u00fbt de la formation : 1 400.\u2013 \u20ac<\/strong><\/p>\n<p><strong>Mat\u00e9riel fourni par URDLA, pr\u00e9voir un tablier<\/strong><\/p>\n<p><strong>\u00c0 l\u2019issue de la formation, une attestation URDLA sera remise \u00e0 chaque participant.<\/strong><\/p>\n<p><a class=\"btn_custom full\" href=\"https:\/\/urdla.com\/blog\/formations\/inscription\/\">Inscription<\/a><\/p>\n<\/div>\n<\/div><\/div><\/div><\/div><\/div><\/div>","protected":false},"excerpt":{"rendered":"<p>Eau-forte et aquatinte Niveau I Formation continue en taille-douce indirecte<\/p>\n","protected":false},"author":1,"featured_media":0,"parent":6568,"menu_order":0,"comment_status":"closed","ping_status":"closed","template":"","meta":[],"acf":[],"_links":{"self":[{"href":"https:\/\/urdla.com\/blog\/wp-json\/wp\/v2\/pages\/6580"}],"collection":[{"href":"https:\/\/urdla.com\/blog\/wp-json\/wp\/v2\/pages"}],"about":[{"href":"https:\/\/urdla.com\/blog\/wp-json\/wp\/v2\/types\/page"}],"author":[{"embeddable":true,"href":"https:\/\/urdla.com\/blog\/wp-json\/wp\/v2\/users\/1"}],"replies":[{"embeddable":true,"href":"https:\/\/urdla.com\/blog\/wp-json\/wp\/v2\/comments?post=6580"}],"version-history":[{"count":48,"href":"https:\/\/urdla.com\/blog\/wp-json\/wp\/v2\/pages\/6580\/revisions"}],"predecessor-version":[{"id":169222,"href":"https:\/\/urdla.com\/blog\/wp-json\/wp\/v2\/pages\/6580\/revisions\/169222"}],"up":[{"embeddable":true,"href":"https:\/\/urdla.com\/blog\/wp-json\/wp\/v2\/pages\/6568"}],"wp:attachment":[{"href":"https:\/\/urdla.com\/blog\/wp-json\/wp\/v2\/media?parent=6580"}],"curies":[{"name":"wp","href":"https:\/\/api.w.org\/{rel}","templated":true}]}}