{"id":65751,"date":"2025-01-02T17:49:18","date_gmt":"2025-01-02T16:49:18","guid":{"rendered":"https:\/\/urdla.com\/blog\/?page_id=65751"},"modified":"2025-01-02T17:50:32","modified_gmt":"2025-01-02T16:50:32","slug":"pre-inscription-stage-pratique-de-linogravure-tarif-minima-sociaux-24-25-05-25","status":"publish","type":"page","link":"https:\/\/urdla.com\/blog\/reservation\/pre-inscription-stage-pratique-de-linogravure-tarif-minima-sociaux-24-25-05-25\/","title":{"rendered":"Pr\u00e9-inscription stage pratique de linogravure tarif minima sociaux 24-25\/05\/25"},"content":{"rendered":"<div id=\"pl-65751\"  class=\"panel-layout\" ><div id=\"pg-65751-0\"  class=\"panel-grid panel-no-style\" ><div id=\"pgc-65751-0-0\"  class=\"panel-grid-cell\" ><div id=\"panel-65751-0-0-0\" class=\"so-panel widget widget_sow-editor panel-first-child panel-last-child\" data-index=\"0\" ><div\n\t\t\t\n\t\t\tclass=\"so-widget-sow-editor so-widget-sow-editor-base\"\n\t\t\t\n\t\t>\n<div class=\"siteorigin-widget-tinymce textwidget\">\n\t<h3><\/h3>\n<h2><strong>Pr\u00e9-inscription tarif Demandeurs d'emploi \/ B\u00e9n\u00e9ficiaires de minimas sociaux \/ R\u00e9fugi\u00e9s<\/strong><\/h2>\n<h2><strong><em>Untitled<\/em><br \/>\nStage pratique de linogravure<\/strong><br \/>\n<strong>anim\u00e9 par Fr\u00e9d\u00e9ric Cordier<\/strong><\/h2>\n<div><strong>Samedi 24 et dimanche 25 mai 2025,\u00a0 de 9 heures \u00e0 18 heures<\/strong><\/div>\n<div><\/div>\n<p><em>Merci de mettre votre justificatif en pi\u00e8ce jointe<\/em><\/p>\n<p class=\"p2\">URDLA vous contactera prochainement pour vous confirmer votre inscription :<\/p>\n<div role=\"form\" class=\"wpcf7\" id=\"wpcf7-f65750-o1\" lang=\"fr-FR\" dir=\"ltr\">\n<div class=\"screen-reader-response\"><\/div>\n<form action=\"\/blog\/wp-json\/wp\/v2\/pages\/65751#wpcf7-f65750-o1\" method=\"post\" class=\"wpcf7-form\" enctype=\"multipart\/form-data\" novalidate=\"novalidate\">\n<div style=\"display: none;\">\n<input type=\"hidden\" name=\"_wpcf7\" value=\"65750\" \/>\n<input type=\"hidden\" name=\"_wpcf7_version\" value=\"5.1\" \/>\n<input type=\"hidden\" name=\"_wpcf7_locale\" value=\"fr_FR\" \/>\n<input type=\"hidden\" name=\"_wpcf7_unit_tag\" value=\"wpcf7-f65750-o1\" \/>\n<input type=\"hidden\" name=\"_wpcf7_container_post\" value=\"0\" \/>\n<input type=\"hidden\" name=\"g-recaptcha-response\" value=\"\" \/>\n<\/div>\n<p><span class=\"wpcf7-form-control-wrap nom\"><input type=\"text\" name=\"nom\" value=\"\" size=\"40\" class=\"wpcf7-form-control wpcf7-text wpcf7-validates-as-required\" aria-required=\"true\" aria-invalid=\"false\" placeholder=\"Nom et pr\u00e9nom\" \/><\/span><\/p>\n<p><span class=\"wpcf7-form-control-wrap email\"><input type=\"email\" name=\"email\" value=\"\" size=\"40\" class=\"wpcf7-form-control wpcf7-text wpcf7-email wpcf7-validates-as-required wpcf7-validates-as-email\" aria-required=\"true\" aria-invalid=\"false\" placeholder=\"Adresse email\" \/><\/span><\/p>\n<p><span class=\"wpcf7-form-control-wrap file-82\"><input type=\"file\" name=\"file-82\" size=\"40\" class=\"wpcf7-form-control wpcf7-file\" accept=\".jpg,.jpeg,.png,.gif,.pdf,.doc,.docx,.ppt,.pptx,.odt,.avi,.ogg,.m4a,.mov,.mp3,.mp4,.mpg,.wav,.wmv\" aria-invalid=\"false\" \/><\/span><\/p>\n<p><input type=\"submit\" value=\"Pre-inscription\" class=\"wpcf7-form-control wpcf7-submit\" \/><\/p>\n<div class=\"wpcf7-response-output wpcf7-display-none\"><\/div><\/form><\/div>\n<\/div>\n<\/div><\/div><\/div><\/div><\/div>","protected":false},"excerpt":{"rendered":"<p>Pr\u00e9-inscription tarif Demandeurs d&#8217;emploi \/ B\u00e9n\u00e9ficiaires de minimas sociaux \/ R\u00e9fugi\u00e9s Untitled Stage pratique de linogravure anim\u00e9 par Fr\u00e9d\u00e9ric Cordier Samedi 24 et dimanche 25 mai 2025,\u00a0 de 9 heures \u00e0 18 heures Merci de mettre votre justificatif en pi\u00e8ce jointe URDLA vous contactera prochainement pour vous confirmer votre inscription :<\/p>\n","protected":false},"author":4,"featured_media":0,"parent":956,"menu_order":0,"comment_status":"closed","ping_status":"closed","template":"","meta":[],"acf":[],"_links":{"self":[{"href":"https:\/\/urdla.com\/blog\/wp-json\/wp\/v2\/pages\/65751"}],"collection":[{"href":"https:\/\/urdla.com\/blog\/wp-json\/wp\/v2\/pages"}],"about":[{"href":"https:\/\/urdla.com\/blog\/wp-json\/wp\/v2\/types\/page"}],"author":[{"embeddable":true,"href":"https:\/\/urdla.com\/blog\/wp-json\/wp\/v2\/users\/4"}],"replies":[{"embeddable":true,"href":"https:\/\/urdla.com\/blog\/wp-json\/wp\/v2\/comments?post=65751"}],"version-history":[{"count":2,"href":"https:\/\/urdla.com\/blog\/wp-json\/wp\/v2\/pages\/65751\/revisions"}],"predecessor-version":[{"id":65753,"href":"https:\/\/urdla.com\/blog\/wp-json\/wp\/v2\/pages\/65751\/revisions\/65753"}],"up":[{"embeddable":true,"href":"https:\/\/urdla.com\/blog\/wp-json\/wp\/v2\/pages\/956"}],"wp:attachment":[{"href":"https:\/\/urdla.com\/blog\/wp-json\/wp\/v2\/media?parent=65751"}],"curies":[{"name":"wp","href":"https:\/\/api.w.org\/{rel}","templated":true}]}}