{"id":6572,"date":"2022-02-16T12:08:37","date_gmt":"2022-02-16T11:08:37","guid":{"rendered":"https:\/\/urdla.com\/blog\/?page_id=6572"},"modified":"2026-02-13T15:31:45","modified_gmt":"2026-02-13T14:31:45","slug":"formation-continue-en-taille-depargne-linogravure-niveau-i","status":"publish","type":"page","link":"https:\/\/urdla.com\/blog\/formations\/formation-continue-en-taille-depargne-linogravure-niveau-i\/","title":{"rendered":"Formation continue en taille d\u2019\u00e9pargne : linogravure Niveau I"},"content":{"rendered":"<div id=\"pl-6572\"  class=\"panel-layout\" ><div id=\"pg-6572-0\"  class=\"panel-grid panel-no-style\" ><div id=\"pgc-6572-0-0\"  class=\"panel-grid-cell\" ><div id=\"panel-6572-0-0-0\" class=\"so-panel widget widget_sow-image panel-first-child panel-last-child\" data-index=\"0\" ><div\n\t\t\t\n\t\t\tclass=\"so-widget-sow-image so-widget-sow-image-default-8b5b6f678277-6572\"\n\t\t\t\n\t\t>\n<div class=\"sow-image-container\">\n\t\t<img \n\tsrc=\"https:\/\/urdla.com\/blog\/wp-content\/uploads\/2022\/02\/cecile-cayon-urdla-jxr-et-presse-lyon-8-copie-scaled.jpg\" width=\"2560\" height=\"866\" srcset=\"https:\/\/urdla.com\/blog\/wp-content\/uploads\/2022\/02\/cecile-cayon-urdla-jxr-et-presse-lyon-8-copie-scaled.jpg 2560w, https:\/\/urdla.com\/blog\/wp-content\/uploads\/2022\/02\/cecile-cayon-urdla-jxr-et-presse-lyon-8-copie-300x101.jpg 300w, https:\/\/urdla.com\/blog\/wp-content\/uploads\/2022\/02\/cecile-cayon-urdla-jxr-et-presse-lyon-8-copie-1024x346.jpg 1024w, https:\/\/urdla.com\/blog\/wp-content\/uploads\/2022\/02\/cecile-cayon-urdla-jxr-et-presse-lyon-8-copie-768x260.jpg 768w, https:\/\/urdla.com\/blog\/wp-content\/uploads\/2022\/02\/cecile-cayon-urdla-jxr-et-presse-lyon-8-copie-1536x520.jpg 1536w, https:\/\/urdla.com\/blog\/wp-content\/uploads\/2022\/02\/cecile-cayon-urdla-jxr-et-presse-lyon-8-copie-2048x693.jpg 2048w, https:\/\/urdla.com\/blog\/wp-content\/uploads\/2022\/02\/cecile-cayon-urdla-jxr-et-presse-lyon-8-copie-2000x677.jpg 2000w, https:\/\/urdla.com\/blog\/wp-content\/uploads\/2022\/02\/cecile-cayon-urdla-jxr-et-presse-lyon-8-copie-1568x530.jpg 1568w\" sizes=\"(max-width: 2560px) 100vw, 2560px\" title=\"cecile cayon-urdla-jxr et presse-lyon-8 copie\" alt=\"\" loading=\"lazy\" \t\tclass=\"so-widget-image\"\/>\n\t<\/div>\n\n<\/div><\/div><\/div><\/div><div id=\"pg-6572-1\"  class=\"panel-grid panel-no-style\" ><div id=\"pgc-6572-1-0\"  class=\"panel-grid-cell\" ><div id=\"panel-6572-1-0-0\" class=\"so-panel widget widget_sow-editor panel-first-child panel-last-child\" data-index=\"1\" ><div\n\t\t\t\n\t\t\tclass=\"so-widget-sow-editor so-widget-sow-editor-base\"\n\t\t\t\n\t\t>\n<div class=\"siteorigin-widget-tinymce textwidget\">\n\t<h1 style=\"font-size: 4rem;\">Linogravure Niveau I<\/h1>\n<h2>Formation continue en taille d\u2019\u00e9pargne<\/h2>\n<\/div>\n<\/div><\/div><\/div><\/div><div id=\"pg-6572-2\"  class=\"panel-grid panel-no-style\" ><div id=\"pgc-6572-2-0\"  class=\"panel-grid-cell\" ><div id=\"panel-6572-2-0-0\" class=\"so-panel widget widget_sow-editor panel-first-child panel-last-child\" data-index=\"2\" ><div\n\t\t\t\n\t\t\tclass=\"so-widget-sow-editor so-widget-sow-editor-base\"\n\t\t\t\n\t\t>\n<div class=\"siteorigin-widget-tinymce textwidget\">\n\t<p>URDLA, galerie d\u2019art d\u00e9di\u00e9e \u00e0 l\u2019estampe contemporaine, est aussi un lieu de transmission, reconnu comme organisme de formation. Ayant pour ambition d\u2019initier artistes et amateurs aux techniques de l\u2019estampe, nous proposons des formations continues afin d\u2019approfondir ou de s\u2019initier \u00e0 la linogravure.<\/p>\n<p><strong>La formation taille d\u2019\u00e9pargne - linogravure<\/strong> a pour objet la taille en relief, plus ancienne technique de l\u2019estampe, qui reste l\u2019une des techniques de l\u2019estampe les plus pratiqu\u00e9es. Reposant sur la mise en relief des motifs sur la matrice, elle se travaille \u00e0 la gouge ou au canif afin d\u2019\u00e9vider les parties non-voulues. La linogravure se pratique sur linol\u00e9um, une mati\u00e8re qui depuis la fin du XVIIIe si\u00e8cle repr\u00e9sente une alternative \u00e0 la gravure sur bois. Ainsi pendant deux jours (16 heures) intensifs au c\u0153ur de nos ateliers, l\u2019imprimeur en charge de la taille d\u2019\u00e9pargne vous enseignera et vous accompagnera lors de chaque \u00e9tapes de la r\u00e9alisation d\u2019une linogravure, du travail de la matrice, en passant par l\u2019encrage, jusqu\u2019aux tirages sur la presse \u00e0 \u00e9preuve.<\/p>\n<p>URDLA est forte d\u2019une expertise de plus de quarante ann\u00e9es dans le domaine de l\u2019estampe, assur\u00e9e techniquement par des imprimeurs d\u2019art. Ces techniques rel\u00e8vent d\u2019un patrimoine immat\u00e9riel au service, \u00e0 URDLA, de la cr\u00e9ation contemporaine. Une invitation \u00e0 l\u2019exp\u00e9rimentation, \u00e0 l\u2019acquisition et \u00e0 la pratique dans le cadre exceptionnel que sont les ateliers URDLA.<\/p>\n<p>Lire aussi : <a href=\"https:\/\/urdla.com\/blog\/financement\/\">Comment financer ma formation URDLA ?<\/a><\/p>\n<h3>Situation de Handicap<\/h3>\n<p>Si vous \u00eates en situation de handicap, merci de le faire savoir pour que nous nous adaptions \u00e0 vos n\u00e9cessit\u00e9s.<\/p>\n<\/div>\n<\/div><\/div><\/div><\/div><div id=\"pg-6572-3\"  class=\"panel-grid panel-no-style\" ><div id=\"pgc-6572-3-0\"  class=\"panel-grid-cell\" ><div id=\"panel-6572-3-0-0\" class=\"so-panel widget widget_sow-editor panel-first-child\" data-index=\"3\" ><div\n\t\t\t\n\t\t\tclass=\"so-widget-sow-editor so-widget-sow-editor-base\"\n\t\t\t\n\t\t>\n<div class=\"siteorigin-widget-tinymce textwidget\">\n\t<h2>Programme p\u00e9dagogique<\/h2>\n<p>Notre formation continue en linogravure est d\u00e9coup\u00e9e en trois modules :<\/p>\n<p>I- <strong>Pr\u00e9sentation des techniques<\/strong> : (1 heure)<\/p>\n<ul>\n<li>Consignes de s\u00e9curit\u00e9.<\/li>\n<li>Th\u00e9orie g\u00e9n\u00e9rale de la linogravure.<\/li>\n<li>D\u00e9finition du projet de tirage.<\/li>\n<li>Pr\u00e9sentation des outils.<\/li>\n<\/ul>\n<p>II- <strong>Graver la matrice de linol\u00e9um<\/strong> : (8 heures)<\/p>\n<ul>\n<li>Dessiner et reporter sur linol\u00e9um.<\/li>\n<li>R\u00e9aliser une premi\u00e8re gravure.<\/li>\n<li>R\u00e9aliser une deuxi\u00e8me gravure \u00e0 planche perdue.<\/li>\n<\/ul>\n<p>III- <strong>Imprimer<\/strong> : (7 heures)<\/p>\n<ul>\n<li>Pr\u00e9sentation de la presse.<\/li>\n<li>Travailler la couleur.<\/li>\n<li>R\u00e9aliser un bon \u00e9tat.<\/li>\n<li>R\u00e9aliser une petite s\u00e9rie.<\/li>\n<li>Caler et r\u00e9aliser une deuxi\u00e8me couleur.<\/li>\n<li>Exp\u00e9rimenter.<\/li>\n<li>Nettoyer et ranger.<\/li>\n<\/ul>\n<\/div>\n<\/div><\/div><div id=\"panel-6572-3-0-1\" class=\"so-panel widget widget_sow-editor\" data-index=\"4\" ><div\n\t\t\t\n\t\t\tclass=\"so-widget-sow-editor so-widget-sow-editor-base\"\n\t\t\t\n\t\t>\n<div class=\"siteorigin-widget-tinymce textwidget\">\n\t<h2>Synth\u00e8se de nos formations r\u00e9alis\u00e9es sur l\u2019ann\u00e9e 2025<br \/>\n(pour 12 stagiaires accueillis)<\/h2>\n<ul>\n<li>\u00c9valuation du b\u00e9n\u00e9fice de la formation : 9,81\/10<\/li>\n<li>\u00c9valuation des moyens techniques: 10\/10<\/li>\n<li>Qualit\u00e9 globale des formations: 9,91\/10<\/li>\n<\/ul>\n<\/div>\n<\/div><\/div><div id=\"panel-6572-3-0-2\" class=\"so-panel widget widget_sow-editor panel-last-child\" data-index=\"5\" ><div\n\t\t\t\n\t\t\tclass=\"so-widget-sow-editor so-widget-sow-editor-base\"\n\t\t\t\n\t\t>\n<div class=\"siteorigin-widget-tinymce textwidget\">\n\t<h2>CONTACTS<\/h2>\n<p><strong>Re\u0301fe\u0301rent administratif, pe\u0301dagogique et handicap - Marceau Baptiste - charge\u0301 de formation<\/strong><br \/>\nformation@urdla.com \/ Te\u0301l. 04 72 65 33 34<\/p>\n<\/div>\n<\/div><\/div><\/div><div id=\"pgc-6572-3-1\"  class=\"panel-grid-cell\" ><div id=\"panel-6572-3-1-0\" class=\"so-panel widget widget_sow-editor panel-first-child panel-last-child\" data-index=\"6\" ><div class=\"grey_bloc panel-widget-style panel-widget-style-for-6572-3-1-0\" ><div\n\t\t\t\n\t\t\tclass=\"so-widget-sow-editor so-widget-sow-editor-base\"\n\t\t\t\n\t\t>\n<div class=\"siteorigin-widget-tinymce textwidget\">\n\t<p><em>Dates<\/em><\/p>\n<p><b><\/b><b>les mardi 28 &amp; mercredi 29<\/b><b> avril 2026<\/b><\/p>\n<p><b>les jeudi 5 &amp; vendredi 6 novembre 2026<\/b><\/p>\n<p><em>Lieu<\/em><br \/>\n<strong>URDLA<\/strong><\/p>\n<p><strong>limit\u00e9 \u00e0 8 participants<\/strong><\/p>\n<p><em>Dur\u00e9e<\/em><br \/>\n<strong>16 heures<\/strong><\/p>\n<p><em>Horaires<\/em><br \/>\n<strong>De 9 h \u00e0 13 h et de 14 h \u00e0 18 h<\/strong><\/p>\n<p><em>Pr\u00e9requis<\/em><br \/>\n<strong>Ouvert \u00e0 tous, \u00e0 partir de 18 ans, dans le respect des r\u00e8gles sanitaires en vigueur<\/strong><\/p>\n<p><strong>Formulaire d\u2019inscription afin d\u2019\u00e9valuer la faisabilit\u00e9 de votre projet.<\/strong><\/p>\n<p><strong>CV \u00e0 transmettre avant le d\u00e9but de la formation.\u00a0<\/strong><\/p>\n<p><strong>Co\u00fbt de la formation : 600.\u2013 \u20ac<\/strong><\/p>\n<p><strong>Mat\u00e9riel fourni par URDLA, pr\u00e9voir un tablier<\/strong><\/p>\n<p><strong>\u00c0 l\u2019issue de la formation, une attestation URDLA sera remise \u00e0 chaque participant.<\/strong><\/p>\n<p><a class=\"btn_custom full\" href=\"https:\/\/urdla.com\/blog\/formations\/inscription\/\">Inscription<\/a><\/p>\n<\/div>\n<\/div><\/div><\/div><\/div><\/div><\/div>","protected":false},"excerpt":{"rendered":"<p>Linogravure Niveau I Formation continue en taille d\u2019\u00e9pargne<\/p>\n","protected":false},"author":1,"featured_media":0,"parent":6568,"menu_order":0,"comment_status":"closed","ping_status":"closed","template":"","meta":[],"acf":[],"_links":{"self":[{"href":"https:\/\/urdla.com\/blog\/wp-json\/wp\/v2\/pages\/6572"}],"collection":[{"href":"https:\/\/urdla.com\/blog\/wp-json\/wp\/v2\/pages"}],"about":[{"href":"https:\/\/urdla.com\/blog\/wp-json\/wp\/v2\/types\/page"}],"author":[{"embeddable":true,"href":"https:\/\/urdla.com\/blog\/wp-json\/wp\/v2\/users\/1"}],"replies":[{"embeddable":true,"href":"https:\/\/urdla.com\/blog\/wp-json\/wp\/v2\/comments?post=6572"}],"version-history":[{"count":77,"href":"https:\/\/urdla.com\/blog\/wp-json\/wp\/v2\/pages\/6572\/revisions"}],"predecessor-version":[{"id":169281,"href":"https:\/\/urdla.com\/blog\/wp-json\/wp\/v2\/pages\/6572\/revisions\/169281"}],"up":[{"embeddable":true,"href":"https:\/\/urdla.com\/blog\/wp-json\/wp\/v2\/pages\/6568"}],"wp:attachment":[{"href":"https:\/\/urdla.com\/blog\/wp-json\/wp\/v2\/media?parent=6572"}],"curies":[{"name":"wp","href":"https:\/\/api.w.org\/{rel}","templated":true}]}}