{"id":4757,"date":"2021-03-02T12:07:13","date_gmt":"2021-03-02T11:07:13","guid":{"rendered":"https:\/\/urdla.com\/blog\/?page_id=4757"},"modified":"2022-03-08T10:48:24","modified_gmt":"2022-03-08T09:48:24","slug":"assemblee-generale-2022","status":"publish","type":"page","link":"https:\/\/urdla.com\/blog\/reservation\/assemblee-generale-2022\/","title":{"rendered":"Assembl\u00e9e G\u00e9n\u00e9rale 2022"},"content":{"rendered":"<div id=\"pl-4757\"  class=\"panel-layout\" ><div id=\"pg-4757-0\"  class=\"panel-grid panel-no-style\" ><div id=\"pgc-4757-0-0\"  class=\"panel-grid-cell\" ><div id=\"panel-4757-0-0-0\" class=\"so-panel widget widget_sow-editor panel-first-child panel-last-child\" data-index=\"0\" ><div\n\t\t\t\n\t\t\tclass=\"so-widget-sow-editor so-widget-sow-editor-base\"\n\t\t\t\n\t\t>\n<div class=\"siteorigin-widget-tinymce textwidget\">\n\t<h2><strong>Invitation \u00e0 l\u2019Assembl\u00e9e G\u00e9n\u00e9rale<\/strong><\/h2>\n<\/div>\n<\/div><\/div><\/div><\/div><div id=\"pg-4757-1\"  class=\"panel-grid panel-no-style\" ><div id=\"pgc-4757-1-0\"  class=\"panel-grid-cell\" ><div id=\"panel-4757-1-0-0\" class=\"so-panel widget widget_sow-editor panel-first-child panel-last-child\" data-index=\"1\" ><div\n\t\t\t\n\t\t\tclass=\"so-widget-sow-editor so-widget-sow-editor-base\"\n\t\t\t\n\t\t>\n<div class=\"siteorigin-widget-tinymce textwidget\">\n\t<p>Pour participer \u00e0 l\u2019AG, il convient d\u2019\u00eatre membre.<\/p>\n<h3>Samedi 26 mars 2022 \u00e0 10 heures 30<\/h3>\n<p><b>Ordre du jour<\/b><\/p>\n<ul>\n<li>Rapport moral<\/li>\n<li>Rapport d\u2019activit\u00e9<\/li>\n<li>Approbation des comptes 2021<\/li>\n<li>Renouvellement du Conseil d\u2019Administration<\/li>\n<li>Questions diverses<\/li>\n<\/ul>\n<\/div>\n<\/div><\/div><\/div><div id=\"pgc-4757-1-1\"  class=\"panel-grid-cell\" ><div id=\"panel-4757-1-1-0\" class=\"so-panel widget widget_sow-editor panel-first-child panel-last-child\" data-index=\"2\" ><div\n\t\t\t\n\t\t\tclass=\"so-widget-sow-editor so-widget-sow-editor-base\"\n\t\t\t\n\t\t>\n<div class=\"siteorigin-widget-tinymce textwidget\">\n\t<div role=\"form\" class=\"wpcf7\" id=\"wpcf7-f4758-o1\" lang=\"fr-FR\" dir=\"ltr\">\n<div class=\"screen-reader-response\"><\/div>\n<form action=\"\/blog\/wp-json\/wp\/v2\/pages\/4757#wpcf7-f4758-o1\" method=\"post\" class=\"wpcf7-form\" novalidate=\"novalidate\">\n<div style=\"display: none;\">\n<input type=\"hidden\" name=\"_wpcf7\" value=\"4758\" \/>\n<input type=\"hidden\" name=\"_wpcf7_version\" value=\"5.1\" \/>\n<input type=\"hidden\" name=\"_wpcf7_locale\" value=\"fr_FR\" \/>\n<input type=\"hidden\" name=\"_wpcf7_unit_tag\" value=\"wpcf7-f4758-o1\" \/>\n<input type=\"hidden\" name=\"_wpcf7_container_post\" value=\"0\" \/>\n<input type=\"hidden\" name=\"g-recaptcha-response\" value=\"\" \/>\n<\/div>\n<p><span class=\"wpcf7-form-control-wrap nom\"><input type=\"text\" name=\"nom\" value=\"\" size=\"40\" class=\"wpcf7-form-control wpcf7-text wpcf7-validates-as-required\" aria-required=\"true\" aria-invalid=\"false\" placeholder=\"Nom et pr\u00e9nom\" \/><\/span><\/p>\n<p><span class=\"wpcf7-form-control-wrap email\"><input type=\"email\" name=\"email\" value=\"\" size=\"40\" class=\"wpcf7-form-control wpcf7-text wpcf7-email wpcf7-validates-as-required wpcf7-validates-as-email\" aria-required=\"true\" aria-invalid=\"false\" placeholder=\"Adresse email\" \/><\/span><\/p>\n<p><span class=\"wpcf7-form-control-wrap societe\"><input type=\"text\" name=\"societe\" value=\"\" size=\"40\" class=\"wpcf7-form-control wpcf7-text\" aria-invalid=\"false\" placeholder=\"Soci\u00e9t\u00e9\" \/><\/span><\/p>\n<p><span class=\"wpcf7-form-control-wrap option-ag\"><span class=\"wpcf7-form-control wpcf7-radio\"><span class=\"wpcf7-list-item first\"><label><input type=\"radio\" name=\"option-ag\" value=\"En pr\u00e9sence\" checked=\"checked\" \/><span class=\"wpcf7-list-item-label\">En pr\u00e9sence<\/span><\/label><\/span><span class=\"wpcf7-list-item last\"><label><input type=\"radio\" name=\"option-ag\" value=\"En visio\" \/><span class=\"wpcf7-list-item-label\">En visio<\/span><\/label><\/span><\/span><\/span><\/p>\n<p><input type=\"submit\" value=\"Inscription\" class=\"wpcf7-form-control wpcf7-submit\" \/><\/p>\n<div class=\"wpcf7-response-output wpcf7-display-none\"><\/div><\/form><\/div>\n<\/div>\n<\/div><\/div><\/div><\/div><\/div>","protected":false},"excerpt":{"rendered":"<p>Invitation \u00e0 l\u2019Assembl\u00e9e G\u00e9n\u00e9rale Pour participer \u00e0 l\u2019AG, il convient d\u2019\u00eatre membre. Samedi 26 mars 2022 \u00e0 10 heures 30 Ordre du jour Rapport moral Rapport d\u2019activit\u00e9 Approbation des comptes 2021 Renouvellement du Conseil d\u2019Administration Questions diverses<\/p>\n","protected":false},"author":1,"featured_media":0,"parent":956,"menu_order":0,"comment_status":"closed","ping_status":"closed","template":"","meta":[],"acf":[],"_links":{"self":[{"href":"https:\/\/urdla.com\/blog\/wp-json\/wp\/v2\/pages\/4757"}],"collection":[{"href":"https:\/\/urdla.com\/blog\/wp-json\/wp\/v2\/pages"}],"about":[{"href":"https:\/\/urdla.com\/blog\/wp-json\/wp\/v2\/types\/page"}],"author":[{"embeddable":true,"href":"https:\/\/urdla.com\/blog\/wp-json\/wp\/v2\/users\/1"}],"replies":[{"embeddable":true,"href":"https:\/\/urdla.com\/blog\/wp-json\/wp\/v2\/comments?post=4757"}],"version-history":[{"count":8,"href":"https:\/\/urdla.com\/blog\/wp-json\/wp\/v2\/pages\/4757\/revisions"}],"predecessor-version":[{"id":7146,"href":"https:\/\/urdla.com\/blog\/wp-json\/wp\/v2\/pages\/4757\/revisions\/7146"}],"up":[{"embeddable":true,"href":"https:\/\/urdla.com\/blog\/wp-json\/wp\/v2\/pages\/956"}],"wp:attachment":[{"href":"https:\/\/urdla.com\/blog\/wp-json\/wp\/v2\/media?parent=4757"}],"curies":[{"name":"wp","href":"https:\/\/api.w.org\/{rel}","templated":true}]}}