{"id":4541,"date":"2020-11-17T12:42:14","date_gmt":"2020-11-17T11:42:14","guid":{"rendered":"https:\/\/urdla.com\/blog\/?page_id=4541"},"modified":"2025-10-22T14:43:29","modified_gmt":"2025-10-22T12:43:29","slug":"vente-privee-2025","status":"publish","type":"page","link":"https:\/\/urdla.com\/blog\/vente-privee-2025\/","title":{"rendered":"Vente priv\u00e9e 2025"},"content":{"rendered":"<div id=\"pl-4541\"  class=\"panel-layout\" ><div id=\"pg-4541-0\"  class=\"panel-grid panel-no-style\" ><div id=\"pgc-4541-0-0\"  class=\"panel-grid-cell\" ><div id=\"panel-4541-0-0-0\" class=\"so-panel widget widget_sow-editor panel-first-child panel-last-child\" data-index=\"0\" ><div\n\t\t\t\n\t\t\tclass=\"so-widget-sow-editor so-widget-sow-editor-base\"\n\t\t\t\n\t\t>\n<div class=\"siteorigin-widget-tinymce textwidget\">\n\t<h2><strong>Vente priv\u00e9e<br \/>\njeudi 27 novembre \u00e0 18 heures.<\/strong><\/h2>\n<p><strong>Inscrivez-vous pour pouvoir y participer :<\/strong><\/p>\n<div role=\"form\" class=\"wpcf7\" id=\"wpcf7-f12606-o1\" lang=\"fr-FR\" dir=\"ltr\">\n<div class=\"screen-reader-response\"><\/div>\n<form action=\"\/blog\/wp-json\/wp\/v2\/pages\/4541#wpcf7-f12606-o1\" method=\"post\" class=\"wpcf7-form\" novalidate=\"novalidate\">\n<div style=\"display: none;\">\n<input type=\"hidden\" name=\"_wpcf7\" value=\"12606\" \/>\n<input type=\"hidden\" name=\"_wpcf7_version\" value=\"5.1\" \/>\n<input type=\"hidden\" name=\"_wpcf7_locale\" value=\"fr_FR\" \/>\n<input type=\"hidden\" name=\"_wpcf7_unit_tag\" value=\"wpcf7-f12606-o1\" \/>\n<input type=\"hidden\" name=\"_wpcf7_container_post\" value=\"0\" \/>\n<input type=\"hidden\" name=\"g-recaptcha-response\" value=\"\" \/>\n<\/div>\n<p><span class=\"wpcf7-form-control-wrap nom\"><input type=\"text\" name=\"nom\" value=\"\" size=\"40\" class=\"wpcf7-form-control wpcf7-text wpcf7-validates-as-required\" aria-required=\"true\" aria-invalid=\"false\" placeholder=\"Nom et pr\u00e9nom\" \/><\/span><\/p>\n<p><span class=\"wpcf7-form-control-wrap email\"><input type=\"email\" name=\"email\" value=\"\" size=\"40\" class=\"wpcf7-form-control wpcf7-text wpcf7-email wpcf7-validates-as-required wpcf7-validates-as-email\" aria-required=\"true\" aria-invalid=\"false\" placeholder=\"Adresse email\" \/><\/span><\/p>\n<p><span class=\"wpcf7-form-control-wrap societe\"><input type=\"text\" name=\"societe\" value=\"\" size=\"40\" class=\"wpcf7-form-control wpcf7-text\" aria-invalid=\"false\" placeholder=\"Soci\u00e9t\u00e9\" \/><\/span><\/p>\n<p><input type=\"submit\" value=\"Je m&#039;inscris\" class=\"wpcf7-form-control wpcf7-submit\" \/><\/p>\n<div class=\"wpcf7-response-output wpcf7-display-none\"><\/div><\/form><\/div>\n<p><strong>In situ &amp; sur notre catalogue en ligne<\/strong> <em>(un lien vous sera envoy\u00e9 pour acc\u00e9der aux offres en ligne le 27 novembre \u00e0 18 heures. R\u00e9ductions disponibles jusqu'\u00e0 23h59<\/em><em>).<\/em><\/p>\n<p><em>Des \u0153uvres uniques \u00e0 prix uniques &amp; R\u00e9ductions : jusqu\u2019\u00e0 50 % sur une grande s\u00e9lection d\u2019oeuvres. Dans la limite des stocks disponibles.<\/em><\/p>\n<\/div>\n<\/div><\/div><\/div><div id=\"pgc-4541-0-1\"  class=\"panel-grid-cell\" ><div id=\"panel-4541-0-1-0\" class=\"so-panel widget widget_sow-image panel-first-child panel-last-child\" data-index=\"1\" ><div\n\t\t\t\n\t\t\tclass=\"so-widget-sow-image so-widget-sow-image-default-c67d20f9f743-4541\"\n\t\t\t\n\t\t>\n<div class=\"sow-image-container\">\n\t\t<img \n\tsrc=\"https:\/\/urdla.com\/blog\/wp-content\/uploads\/2025\/10\/NEWS_VP_25-1227x1536.jpg\" width=\"1227\" height=\"1536\" srcset=\"https:\/\/urdla.com\/blog\/wp-content\/uploads\/2025\/10\/NEWS_VP_25-1227x1536.jpg 1227w, https:\/\/urdla.com\/blog\/wp-content\/uploads\/2025\/10\/NEWS_VP_25-240x300.jpg 240w, https:\/\/urdla.com\/blog\/wp-content\/uploads\/2025\/10\/NEWS_VP_25-818x1024.jpg 818w, https:\/\/urdla.com\/blog\/wp-content\/uploads\/2025\/10\/NEWS_VP_25-768x961.jpg 768w, https:\/\/urdla.com\/blog\/wp-content\/uploads\/2025\/10\/NEWS_VP_25-1598x2000.jpg 1598w, https:\/\/urdla.com\/blog\/wp-content\/uploads\/2025\/10\/NEWS_VP_25-1568x1963.jpg 1568w, https:\/\/urdla.com\/blog\/wp-content\/uploads\/2025\/10\/NEWS_VP_25.jpg 1636w\" sizes=\"(max-width: 1227px) 100vw, 1227px\" alt=\"\" loading=\"lazy\" \t\tclass=\"so-widget-image\"\/>\n\t<\/div>\n\n<\/div><\/div><\/div><\/div><\/div>","protected":false},"excerpt":{"rendered":"<p>Vente priv\u00e9e jeudi 27 novembre \u00e0 18 heures. Inscrivez-vous pour pouvoir y participer : In situ &amp; sur notre catalogue en ligne (un lien vous sera envoy\u00e9 pour acc\u00e9der aux offres en ligne le 27 novembre \u00e0 18 heures. R\u00e9ductions disponibles jusqu&rsquo;\u00e0 23h59). Des \u0153uvres uniques \u00e0 prix uniques &amp; R\u00e9ductions : jusqu\u2019\u00e0 50 % [&hellip;]<\/p>\n","protected":false},"author":1,"featured_media":0,"parent":0,"menu_order":0,"comment_status":"closed","ping_status":"closed","template":"","meta":[],"acf":[],"_links":{"self":[{"href":"https:\/\/urdla.com\/blog\/wp-json\/wp\/v2\/pages\/4541"}],"collection":[{"href":"https:\/\/urdla.com\/blog\/wp-json\/wp\/v2\/pages"}],"about":[{"href":"https:\/\/urdla.com\/blog\/wp-json\/wp\/v2\/types\/page"}],"author":[{"embeddable":true,"href":"https:\/\/urdla.com\/blog\/wp-json\/wp\/v2\/users\/1"}],"replies":[{"embeddable":true,"href":"https:\/\/urdla.com\/blog\/wp-json\/wp\/v2\/comments?post=4541"}],"version-history":[{"count":72,"href":"https:\/\/urdla.com\/blog\/wp-json\/wp\/v2\/pages\/4541\/revisions"}],"predecessor-version":[{"id":168351,"href":"https:\/\/urdla.com\/blog\/wp-json\/wp\/v2\/pages\/4541\/revisions\/168351"}],"wp:attachment":[{"href":"https:\/\/urdla.com\/blog\/wp-json\/wp\/v2\/media?parent=4541"}],"curies":[{"name":"wp","href":"https:\/\/api.w.org\/{rel}","templated":true}]}}