{"id":3895,"date":"2020-05-22T10:21:29","date_gmt":"2020-05-22T08:21:29","guid":{"rendered":"https:\/\/urdla.com\/blog\/?page_id=3895"},"modified":"2026-03-19T13:54:23","modified_gmt":"2026-03-19T12:54:23","slug":"organigramme","status":"publish","type":"page","link":"https:\/\/urdla.com\/blog\/organigramme\/","title":{"rendered":"Organigramme"},"content":{"rendered":"<div id=\"pl-3895\"  class=\"panel-layout\" ><div id=\"pg-3895-0\"  class=\"panel-grid panel-no-style\" ><div id=\"pgc-3895-0-0\"  class=\"panel-grid-cell\" ><div id=\"panel-3895-0-0-0\" class=\"so-panel widget widget_sow-editor panel-first-child panel-last-child\" data-index=\"0\" ><div\n\t\t\t\n\t\t\tclass=\"so-widget-sow-editor so-widget-sow-editor-base\"\n\t\t\t\n\t\t>\n<div class=\"siteorigin-widget-tinymce textwidget\">\n\t<h2>Association<\/h2>\n<\/div>\n<\/div><\/div><\/div><div id=\"pgc-3895-0-1\"  class=\"panel-grid-cell\" ><div id=\"panel-3895-0-1-0\" class=\"so-panel widget widget_sow-editor panel-first-child panel-last-child\" data-index=\"1\" ><div\n\t\t\t\n\t\t\tclass=\"so-widget-sow-editor so-widget-sow-editor-base\"\n\t\t\t\n\t\t>\n<div class=\"siteorigin-widget-tinymce textwidget\">\n\t<p>Max Schoendorff<br \/>\n<small>Pr\u00e9sident-fondateur 1978-2012 \u2020<\/small><\/p>\n<\/div>\n<\/div><\/div><\/div><\/div><div id=\"pg-3895-1\"  class=\"panel-grid panel-no-style\" ><div id=\"pgc-3895-1-0\"  class=\"panel-grid-cell\" ><div id=\"panel-3895-1-0-0\" class=\"so-panel widget widget_sow-editor panel-first-child panel-last-child\" data-index=\"2\" ><div\n\t\t\t\n\t\t\tclass=\"so-widget-sow-editor so-widget-sow-editor-base\"\n\t\t\t\n\t\t>\n<div class=\"siteorigin-widget-tinymce textwidget\">\n\t<h2>Conseil d\u2019administration <small><\/small><\/h2>\n<\/div>\n<\/div><\/div><\/div><div id=\"pgc-3895-1-1\"  class=\"panel-grid-cell\" ><div id=\"panel-3895-1-1-0\" class=\"so-panel widget widget_sow-editor panel-first-child panel-last-child\" data-index=\"3\" ><div\n\t\t\t\n\t\t\tclass=\"so-widget-sow-editor so-widget-sow-editor-base\"\n\t\t\t\n\t\t>\n<div class=\"siteorigin-widget-tinymce textwidget\">\n\t<p>Christine Vaisse<br \/>\n<small>Pr\u00e9sidente (Lyon)<\/small><\/p>\n<p>G\u00e9rard Debrinay<br \/>\n<small>Tr\u00e9sorier (Villeurbanne)<\/small><\/p>\n<p>Fran\u00e7oise Lonardoni<br \/>\n<small>Secr\u00e9taire (Villeurbanne)<\/small><\/p>\n<p>Pascal Bernard, G\u00e9rard Debrinay, Amaury Dumas-Marze, Paul Hickin, R\u00e9my Jacquier, Fr\u00e9d\u00e9ric Khodja, Fabrice Lauterjung, Fran\u00e7oise Lonardoni, Odile Nguyen-Schoendorff, Ma\u00eft\u00e9 Marra, Guillaume Perez, Alessandra Prandin, Ariane R\u00e9quin, Anne Reveyrand, Christine Vaisse, Patrice Vermeille.<\/p>\n<\/div>\n<\/div><\/div><\/div><\/div><div id=\"pg-3895-2\"  class=\"panel-grid panel-no-style\" ><div id=\"pgc-3895-2-0\"  class=\"panel-grid-cell\" ><div id=\"panel-3895-2-0-0\" class=\"so-panel widget widget_sow-editor panel-first-child panel-last-child\" data-index=\"4\" ><div\n\t\t\t\n\t\t\tclass=\"so-widget-sow-editor so-widget-sow-editor-base\"\n\t\t\t\n\t\t>\n<div class=\"siteorigin-widget-tinymce textwidget\">\n\t<h2>\u00c9quipe<\/h2>\n<\/div>\n<\/div><\/div><\/div><div id=\"pgc-3895-2-1\"  class=\"panel-grid-cell\" ><div id=\"panel-3895-2-1-0\" class=\"so-panel widget widget_sow-editor panel-first-child panel-last-child\" data-index=\"5\" ><div\n\t\t\t\n\t\t\tclass=\"so-widget-sow-editor so-widget-sow-editor-base\"\n\t\t\t\n\t\t>\n<div class=\"siteorigin-widget-tinymce textwidget\">\n\t<p>L\u00e9o Marin<br \/>\n<small>Direction<\/small><\/p>\n<p>Marceau Baptiste<br \/>\n<small>Charg\u00e9 des projets artistiques et du d\u00e9veloppement commercial<\/small><\/p>\n<p>Emma Courbon<br \/>\n<small>Charg\u00e9e de m\u00e9diation<\/small><\/p>\n<p>Jacob Debord<br \/>\n<small>Lithographe\u00a0<\/small><\/p>\n<p>Anne Carrique<br \/>\n<small>Taille-douci\u00e8re\u00a0<\/small><\/p>\n<p>&nbsp;<\/p>\n<\/div>\n<\/div><\/div><\/div><\/div><div id=\"pg-3895-3\"  class=\"panel-grid panel-no-style\" ><div id=\"pgc-3895-3-0\"  class=\"panel-grid-cell panel-grid-cell-empty\" ><\/div><div id=\"pgc-3895-3-1\"  class=\"panel-grid-cell\" ><div id=\"panel-3895-3-1-0\" class=\"so-panel widget widget_sow-editor panel-first-child panel-last-child\" data-index=\"6\" ><div\n\t\t\t\n\t\t\tclass=\"so-widget-sow-editor so-widget-sow-editor-base\"\n\t\t\t\n\t\t>\n<div class=\"siteorigin-widget-tinymce textwidget\">\n\t<p><a href=\"https:\/\/urdla.com\/blog\/soutiens\/\">Devenir membre URDLA<\/a><\/p>\n<\/div>\n<\/div><\/div><\/div><\/div><div id=\"pg-3895-4\"  class=\"panel-grid panel-has-style\" ><div class=\"panel-row-style panel-row-style-for-3895-4\" ><div id=\"pgc-3895-4-0\"  class=\"panel-grid-cell\" ><div id=\"panel-3895-4-0-0\" class=\"so-panel widget widget_sow-editor panel-first-child panel-last-child\" data-index=\"7\" ><div\n\t\t\t\n\t\t\tclass=\"so-widget-sow-editor so-widget-sow-editor-base\"\n\t\t\t\n\t\t>\n<div class=\"siteorigin-widget-tinymce textwidget\">\n\t<h2><strong>Nous joindre<\/strong><\/h2>\n<div class=\"form_fullwidth\"><div role=\"form\" class=\"wpcf7\" id=\"wpcf7-f5-o1\" lang=\"fr-FR\" dir=\"ltr\">\n<div class=\"screen-reader-response\"><\/div>\n<form action=\"\/blog\/wp-json\/wp\/v2\/pages\/3895#wpcf7-f5-o1\" method=\"post\" class=\"wpcf7-form\" novalidate=\"novalidate\">\n<div style=\"display: none;\">\n<input type=\"hidden\" name=\"_wpcf7\" value=\"5\" \/>\n<input type=\"hidden\" name=\"_wpcf7_version\" value=\"5.1\" \/>\n<input type=\"hidden\" name=\"_wpcf7_locale\" value=\"fr_FR\" \/>\n<input type=\"hidden\" name=\"_wpcf7_unit_tag\" value=\"wpcf7-f5-o1\" \/>\n<input type=\"hidden\" name=\"_wpcf7_container_post\" value=\"0\" \/>\n<input type=\"hidden\" name=\"g-recaptcha-response\" value=\"\" \/>\n<\/div>\n<p><span class=\"wpcf7-form-control-wrap in_nom\"><input type=\"text\" name=\"in_nom\" value=\"\" size=\"40\" class=\"wpcf7-form-control wpcf7-text wpcf7-validates-as-required\" aria-required=\"true\" aria-invalid=\"false\" placeholder=\"Nom\" \/><\/span><br \/>\n<span class=\"wpcf7-form-control-wrap in_prenom\"><input type=\"text\" name=\"in_prenom\" value=\"\" size=\"40\" class=\"wpcf7-form-control wpcf7-text wpcf7-validates-as-required\" aria-required=\"true\" aria-invalid=\"false\" placeholder=\"Pr\u00e9nom\" \/><\/span><br \/>\n<span class=\"wpcf7-form-control-wrap in_societe\"><input type=\"text\" name=\"in_societe\" value=\"\" size=\"40\" class=\"wpcf7-form-control wpcf7-text\" aria-invalid=\"false\" placeholder=\"Soci\u00e9t\u00e9 \/ Organisation\" \/><\/span><br \/>\n<span class=\"wpcf7-form-control-wrap in_tel\"><input type=\"tel\" name=\"in_tel\" value=\"\" size=\"40\" class=\"wpcf7-form-control wpcf7-text wpcf7-tel wpcf7-validates-as-required wpcf7-validates-as-tel\" aria-required=\"true\" aria-invalid=\"false\" placeholder=\"T\u00e9l\u00e9phone\" \/><\/span><br \/>\n<span class=\"wpcf7-form-control-wrap in_mail\"><input type=\"email\" name=\"in_mail\" value=\"\" size=\"40\" class=\"wpcf7-form-control wpcf7-text wpcf7-email wpcf7-validates-as-required wpcf7-validates-as-email\" aria-required=\"true\" aria-invalid=\"false\" placeholder=\"Courriel\" \/><\/span><br \/>\n<span class=\"wpcf7-form-control-wrap in_objet\"><select name=\"in_objet\" class=\"wpcf7-form-control wpcf7-select wpcf7-validates-as-required\" aria-required=\"true\" aria-invalid=\"false\"><option value=\"\">Objet<\/option><option value=\"Informations\">Informations<\/option><option value=\"Expositions\">Expositions<\/option><option value=\"Service client\">Service client<\/option><option value=\"Autre\">Autre<\/option><\/select><\/span><br \/>\n<span class=\"wpcf7-form-control-wrap in_message\"><textarea name=\"in_message\" cols=\"40\" rows=\"10\" class=\"wpcf7-form-control wpcf7-textarea wpcf7-validates-as-required\" aria-required=\"true\" aria-invalid=\"false\" placeholder=\"Votre message\"><\/textarea><\/span><br \/>\n<input type=\"submit\" value=\"Envoyer\" class=\"wpcf7-form-control wpcf7-submit\" \/><\/p>\n<div class=\"wpcf7-response-output wpcf7-display-none\"><\/div><\/form><\/div><\/div>\n<\/div>\n<\/div><\/div><\/div><\/div><\/div><\/div>","protected":false},"excerpt":{"rendered":"<p>Association Max Schoendorff Pr\u00e9sident-fondateur 1978-2012 \u2020 Conseil d\u2019administration Christine Vaisse Pr\u00e9sidente (Lyon) G\u00e9rard Debrinay Tr\u00e9sorier (Villeurbanne) Fran\u00e7oise Lonardoni Secr\u00e9taire (Villeurbanne) Pascal Bernard, G\u00e9rard Debrinay, Amaury Dumas-Marze, Paul Hickin, R\u00e9my Jacquier, Fr\u00e9d\u00e9ric Khodja, Fabrice Lauterjung, Fran\u00e7oise Lonardoni, Odile Nguyen-Schoendorff, Ma\u00eft\u00e9 Marra, Guillaume Perez, Alessandra Prandin, Ariane R\u00e9quin, Anne Reveyrand, Christine Vaisse, Patrice Vermeille.<\/p>\n","protected":false},"author":1,"featured_media":0,"parent":0,"menu_order":0,"comment_status":"closed","ping_status":"closed","template":"","meta":[],"acf":[],"_links":{"self":[{"href":"https:\/\/urdla.com\/blog\/wp-json\/wp\/v2\/pages\/3895"}],"collection":[{"href":"https:\/\/urdla.com\/blog\/wp-json\/wp\/v2\/pages"}],"about":[{"href":"https:\/\/urdla.com\/blog\/wp-json\/wp\/v2\/types\/page"}],"author":[{"embeddable":true,"href":"https:\/\/urdla.com\/blog\/wp-json\/wp\/v2\/users\/1"}],"replies":[{"embeddable":true,"href":"https:\/\/urdla.com\/blog\/wp-json\/wp\/v2\/comments?post=3895"}],"version-history":[{"count":63,"href":"https:\/\/urdla.com\/blog\/wp-json\/wp\/v2\/pages\/3895\/revisions"}],"predecessor-version":[{"id":169539,"href":"https:\/\/urdla.com\/blog\/wp-json\/wp\/v2\/pages\/3895\/revisions\/169539"}],"wp:attachment":[{"href":"https:\/\/urdla.com\/blog\/wp-json\/wp\/v2\/media?parent=3895"}],"curies":[{"name":"wp","href":"https:\/\/api.w.org\/{rel}","templated":true}]}}