{"id":302,"date":"2019-07-18T15:08:34","date_gmt":"2019-07-18T13:08:34","guid":{"rendered":"https:\/\/urdla.com\/blog\/?page_id=302"},"modified":"2026-03-19T13:37:18","modified_gmt":"2026-03-19T12:37:18","slug":"stages","status":"publish","type":"page","link":"https:\/\/urdla.com\/blog\/stages\/","title":{"rendered":"Stages"},"content":{"rendered":"<div id=\"pl-302\"  class=\"panel-layout\" ><div id=\"pg-302-0\"  class=\"panel-grid panel-no-style\" ><div id=\"pgc-302-0-0\"  class=\"panel-grid-cell\" ><div id=\"panel-302-0-0-0\" class=\"so-panel widget widget_sow-editor panel-first-child panel-last-child\" data-index=\"0\" ><div\n\t\t\t\n\t\t\tclass=\"so-widget-sow-editor so-widget-sow-editor-base\"\n\t\t\t\n\t\t>\n<div class=\"siteorigin-widget-tinymce textwidget\">\n\t<h1>Stages<\/h1>\n<\/div>\n<\/div><\/div><\/div><\/div><div id=\"pg-302-1\"  class=\"panel-grid panel-no-style\" ><div id=\"pgc-302-1-0\"  class=\"panel-grid-cell\" ><div class=\"stages_post_warp\">\t\t<article class=\"stage_item\">\n\t\t\t<div class=\"post_thumbnail\">\n\t\t\t\t<a href=\"https:\/\/urdla.com\/blog\/ateliers-jeunes-publics-vacances-de-printemps-2026\/\" class=\"post_thumbnail\">\n\t\t\t\t\t<img width=\"1568\" height=\"1045\" src=\"https:\/\/urdla.com\/blog\/wp-content\/uploads\/2026\/03\/cecile-cayon-urdla-atelier-enfants-villeurbanne-37-1568x1045.jpg\" class=\"attachment-post-thumbnail size-post-thumbnail wp-post-image\" alt=\"\" loading=\"lazy\" srcset=\"https:\/\/urdla.com\/blog\/wp-content\/uploads\/2026\/03\/cecile-cayon-urdla-atelier-enfants-villeurbanne-37-1568x1045.jpg 1568w, https:\/\/urdla.com\/blog\/wp-content\/uploads\/2026\/03\/cecile-cayon-urdla-atelier-enfants-villeurbanne-37-300x200.jpg 300w, https:\/\/urdla.com\/blog\/wp-content\/uploads\/2026\/03\/cecile-cayon-urdla-atelier-enfants-villeurbanne-37-1024x683.jpg 1024w, https:\/\/urdla.com\/blog\/wp-content\/uploads\/2026\/03\/cecile-cayon-urdla-atelier-enfants-villeurbanne-37-768x512.jpg 768w, https:\/\/urdla.com\/blog\/wp-content\/uploads\/2026\/03\/cecile-cayon-urdla-atelier-enfants-villeurbanne-37-1536x1024.jpg 1536w, https:\/\/urdla.com\/blog\/wp-content\/uploads\/2026\/03\/cecile-cayon-urdla-atelier-enfants-villeurbanne-37-2048x1365.jpg 2048w, https:\/\/urdla.com\/blog\/wp-content\/uploads\/2026\/03\/cecile-cayon-urdla-atelier-enfants-villeurbanne-37-2000x1333.jpg 2000w, https:\/\/urdla.com\/blog\/wp-content\/uploads\/2026\/03\/cecile-cayon-urdla-atelier-enfants-villeurbanne-37-272x182.jpg 272w\" sizes=\"(max-width: 1568px) 100vw, 1568px\" \/>\t\t\t\t<\/a>\n\t\t\t<\/div>\n\n\t\t\t<div class=\"post_content\">\t\t\t\t\n\t\t\t\t<h2 class=\"post-title\"><a href=\"https:\/\/urdla.com\/blog\/ateliers-jeunes-publics-vacances-de-printemps-2026\/\">Ateliers jeunes publics, vacances de printemps 2026<\/a><\/h2>\n\t\t\t\t<div class=\"entry-content\"><p>Ateliers de pratique pour les enfants (5-15 ans) le mercredi 15 avril de 10 heures \u00e0 12 heures 30. [...]<\/p><\/div>\t\t\t\n\t\t\t\t<a href=\"https:\/\/urdla.com\/blog\/ateliers-jeunes-publics-vacances-de-printemps-2026\/\" class=\"read_more\">Lire la suite <i class=\"icon-readmore\"><\/i><\/a>\n\t\t\t<\/div>\n\t\t<\/article>\n\t\t\t\t<article class=\"stage_item\">\n\t\t\t<div class=\"post_thumbnail\">\n\t\t\t\t<a href=\"https:\/\/urdla.com\/blog\/atelier-de-linogravure-mars-2026\/\" class=\"post_thumbnail\">\n\t\t\t\t\t<img width=\"1568\" height=\"1045\" src=\"https:\/\/urdla.com\/blog\/wp-content\/uploads\/2024\/10\/cecile-cayon-urdla-patrimoine-villeurbanne-34-1568x1045.jpg\" class=\"attachment-post-thumbnail size-post-thumbnail wp-post-image\" alt=\"\" loading=\"lazy\" srcset=\"https:\/\/urdla.com\/blog\/wp-content\/uploads\/2024\/10\/cecile-cayon-urdla-patrimoine-villeurbanne-34-1568x1045.jpg 1568w, https:\/\/urdla.com\/blog\/wp-content\/uploads\/2024\/10\/cecile-cayon-urdla-patrimoine-villeurbanne-34-300x200.jpg 300w, https:\/\/urdla.com\/blog\/wp-content\/uploads\/2024\/10\/cecile-cayon-urdla-patrimoine-villeurbanne-34-1024x682.jpg 1024w, https:\/\/urdla.com\/blog\/wp-content\/uploads\/2024\/10\/cecile-cayon-urdla-patrimoine-villeurbanne-34-768x512.jpg 768w, https:\/\/urdla.com\/blog\/wp-content\/uploads\/2024\/10\/cecile-cayon-urdla-patrimoine-villeurbanne-34-1536x1024.jpg 1536w, https:\/\/urdla.com\/blog\/wp-content\/uploads\/2024\/10\/cecile-cayon-urdla-patrimoine-villeurbanne-34-272x182.jpg 272w, https:\/\/urdla.com\/blog\/wp-content\/uploads\/2024\/10\/cecile-cayon-urdla-patrimoine-villeurbanne-34.jpg 2000w\" sizes=\"(max-width: 1568px) 100vw, 1568px\" \/>\t\t\t\t<\/a>\n\t\t\t<\/div>\n\n\t\t\t<div class=\"post_content\">\t\t\t\t\n\t\t\t\t<h2 class=\"post-title\"><a href=\"https:\/\/urdla.com\/blog\/atelier-de-linogravure-mars-2026\/\">Atelier de linogravure, mars 2026<\/a><\/h2>\n\t\t\t\t<div class=\"entry-content\"><p>anim\u00e9 par Jacob Debord, imprimeur le samedi 14 mars 2026, de 14 heures 30 \u00e0 17 heures.[...]<\/p><\/div>\t\t\t\n\t\t\t\t<a href=\"https:\/\/urdla.com\/blog\/atelier-de-linogravure-mars-2026\/\" class=\"read_more\">Lire la suite <i class=\"icon-readmore\"><\/i><\/a>\n\t\t\t<\/div>\n\t\t<\/article>\n\t\t\t\t<article class=\"stage_item\">\n\t\t\t<div class=\"post_thumbnail\">\n\t\t\t\t<a href=\"https:\/\/urdla.com\/blog\/ateliers-jeunes-publics-vacances-dhiver-2026\/\" class=\"post_thumbnail\">\n\t\t\t\t\t<img width=\"1568\" height=\"1045\" src=\"https:\/\/urdla.com\/blog\/wp-content\/uploads\/2026\/01\/cecile-cayon-urdla-atelier-enfants-villeurbanne-13-1568x1045.jpg\" class=\"attachment-post-thumbnail size-post-thumbnail wp-post-image\" alt=\"\" loading=\"lazy\" srcset=\"https:\/\/urdla.com\/blog\/wp-content\/uploads\/2026\/01\/cecile-cayon-urdla-atelier-enfants-villeurbanne-13-1568x1045.jpg 1568w, https:\/\/urdla.com\/blog\/wp-content\/uploads\/2026\/01\/cecile-cayon-urdla-atelier-enfants-villeurbanne-13-300x200.jpg 300w, https:\/\/urdla.com\/blog\/wp-content\/uploads\/2026\/01\/cecile-cayon-urdla-atelier-enfants-villeurbanne-13-1024x683.jpg 1024w, https:\/\/urdla.com\/blog\/wp-content\/uploads\/2026\/01\/cecile-cayon-urdla-atelier-enfants-villeurbanne-13-768x512.jpg 768w, https:\/\/urdla.com\/blog\/wp-content\/uploads\/2026\/01\/cecile-cayon-urdla-atelier-enfants-villeurbanne-13-1536x1024.jpg 1536w, https:\/\/urdla.com\/blog\/wp-content\/uploads\/2026\/01\/cecile-cayon-urdla-atelier-enfants-villeurbanne-13-2048x1365.jpg 2048w, https:\/\/urdla.com\/blog\/wp-content\/uploads\/2026\/01\/cecile-cayon-urdla-atelier-enfants-villeurbanne-13-2000x1333.jpg 2000w, https:\/\/urdla.com\/blog\/wp-content\/uploads\/2026\/01\/cecile-cayon-urdla-atelier-enfants-villeurbanne-13-272x182.jpg 272w\" sizes=\"(max-width: 1568px) 100vw, 1568px\" \/>\t\t\t\t<\/a>\n\t\t\t<\/div>\n\n\t\t\t<div class=\"post_content\">\t\t\t\t\n\t\t\t\t<h2 class=\"post-title\"><a href=\"https:\/\/urdla.com\/blog\/ateliers-jeunes-publics-vacances-dhiver-2026\/\">Ateliers jeunes publics, vacances d&rsquo;hiver 2026<\/a><\/h2>\n\t\t\t\t<div class=\"entry-content\"><p>Session de pratique artistique pour enfants et jeunes \u00e2g\u00e9s de 5 \u00e0 15 ans.[...]<\/p><\/div>\t\t\t\n\t\t\t\t<a href=\"https:\/\/urdla.com\/blog\/ateliers-jeunes-publics-vacances-dhiver-2026\/\" class=\"read_more\">Lire la suite <i class=\"icon-readmore\"><\/i><\/a>\n\t\t\t<\/div>\n\t\t<\/article>\n\t\t<\/div><div id=\"panel-302-1-0-0\" class=\"so-panel widget widget_text panel-first-child panel-last-child\" data-index=\"1\" >\t\t\t<div class=\"textwidget\">\n<\/div>\n\t\t<\/div><\/div><\/div><div id=\"pg-302-2\"  class=\"panel-grid panel-no-style\" ><div id=\"pgc-302-2-0\"  class=\"panel-grid-cell\" ><div id=\"panel-302-2-0-0\" class=\"so-panel widget widget_sow-editor panel-first-child panel-last-child\" data-index=\"2\" ><div\n\t\t\t\n\t\t\tclass=\"so-widget-sow-editor so-widget-sow-editor-base\"\n\t\t\t\n\t\t>\n<div class=\"siteorigin-widget-tinymce textwidget\">\n\t<p>De son exp\u00e9rience aupr\u00e8s d\u2019artistes de renom, de son savoir-faire technique et artisanal, de son expertise des liens de l\u2019art d\u2019aujourd\u2019hui avec les techniques ancestrales, URDLA a d\u00e9duit des modalit\u00e9s d\u2019initiation et de perfectionnement pour les adultes, les jeunes et les enfants. Le projet artistique de URDLA envisage l\u2019estampe comme un m\u00e9dium au service de la cr\u00e9ation contemporaine. De m\u00eame, dans les stages et les ateliers, la pratique de l\u2019art imprim\u00e9 est un outil au service de projets cr\u00e9atifs.<\/p>\n<p>Les temps de pratiques propos\u00e9s au public sont accompagn\u00e9s par des professionnels de l\u2019estampe, garants de l\u2019apport technique, et des artistes qui invitent chacun \u00e0 une d\u00e9marche plastique. Ils se d\u00e9roulent dans un cadre d\u2019exception, un lieu charg\u00e9 d\u2019histoire qui est dans le m\u00eame temps un laboratoire au service de la cr\u00e9ation contemporaine. Dans cet espace unique, les ateliers et les stages sont une invitation \u00e0 une forme originale de pratique artistique \u2013 celle de l\u2019art imprim\u00e9 \u2013 conjuguant un apprentissage de techniques traditionnelles, relevant des m\u00e9tiers d\u2019art, et la capacit\u00e9 \u00e0 les interroger, \u00e0 les d\u00e9placer, au service d\u2019un projet, \u00e9labor\u00e9 avec l\u2019accompagnement des artistes. Ils se r\u00e9alisent dans un cadre mat\u00e9riel et avec des outils de qualit\u00e9.<\/p>\n<\/div>\n<\/div><\/div><\/div><div id=\"pgc-302-2-1\"  class=\"panel-grid-cell\" ><div id=\"panel-302-2-1-0\" class=\"so-panel widget widget_sow-editor panel-first-child panel-last-child\" data-index=\"3\" ><div\n\t\t\t\n\t\t\tclass=\"so-widget-sow-editor so-widget-sow-editor-base\"\n\t\t\t\n\t\t>\n<div class=\"siteorigin-widget-tinymce textwidget\">\n\t<h2 data-aos=\"fade-down\" data-aos-duration=\"750\" data-aos-easing=\"ease-out\">Une invitation \u00e0 des temps et des modalit\u00e9s de pratiques artistiques uniques<\/h2>\n<\/div>\n<\/div><\/div><\/div><\/div><div id=\"pg-302-3\"  class=\"panel-grid panel-no-style\" ><div id=\"pgc-302-3-0\"  class=\"panel-grid-cell\" ><div id=\"panel-302-3-0-0\" class=\"so-panel widget widget_sow-editor panel-first-child panel-last-child\" data-index=\"4\" ><div\n\t\t\t\n\t\t\tclass=\"so-widget-sow-editor so-widget-sow-editor-base\"\n\t\t\t\n\t\t>\n<div class=\"siteorigin-widget-tinymce textwidget\">\n\t<h2 data-aos=\"fade-down\" data-aos-duration=\"750\" data-aos-easing=\"ease-out\">Publics adultes<\/h2>\n<h3>Des week-ends pour s\u2019initier et cr\u00e9er<\/h3>\n<\/div>\n<\/div><\/div><\/div><div id=\"pgc-302-3-1\"  class=\"panel-grid-cell\" ><div id=\"panel-302-3-1-0\" class=\"so-panel widget widget_sow-editor panel-first-child panel-last-child\" data-index=\"5\" ><div\n\t\t\t\n\t\t\tclass=\"so-widget-sow-editor so-widget-sow-editor-base\"\n\t\t\t\n\t\t>\n<div class=\"siteorigin-widget-tinymce textwidget\">\n\t<h3>Le propos des stages \u00e0 URDLA<\/h3>\n<p>En compl\u00e9ment des ateliers de gravure ponctuels, URDLA propose des stages adultes qui invitent \u00e0 une v\u00e9ritable immersion dans ses ateliers. Ils se d\u00e9roulent sur un week-end et sont centr\u00e9s autour des techniques traditionnelles de l\u2019estampe, anim\u00e9s par un plasticien, soutenu par un imprimeur.<\/p>\n<p>Outre l\u2019apport technique, ils permettent de d\u00e9couvrir, d\u2019apprendre ou d\u2019approfondir ce que peut \u00eatre une pratique plastique. Les groupes sont limit\u00e9s \u00e0 10 participants.<\/p>\n<p>Aucun niveau pr\u00e9alable n\u2019est requis, l\u2019accompagnement est personnalis\u00e9 selon le profil de chacun. Ils comprennent un temps d\u2019\u00e9laboration du projet plastique et de dessin et des temps de gravure, d\u2019encrage et de tirage.<\/p>\n<p>Les impressions assur\u00e9es aussi par les imprimeurs se font sur les presses professionnelles de URDLA tandis que les stagiaires peuvent \u00e9galement effectuer des tirages sur des presses \u00e0 \u00e9preuve.<\/p>\n<h3>Informations pratiques<\/h3>\n<p>Dur\u00e9e\u00a0: 2 jours, samedi et dimanche, 10h-18h.<\/p>\n<p>Tarif : 250.- \u20ac \/ personne \u2013 mat\u00e9riel fourni (pr\u00e9voir son d\u00e9jeuner, repas pris en commun sur place).<\/p>\n<p>Nombre de places limit\u00e9 \u2013 inscription imp\u00e9rative.<\/p>\n<\/div>\n<\/div><\/div><\/div><\/div><div id=\"pg-302-4\"  class=\"panel-grid panel-no-style\" ><div id=\"pgc-302-4-0\"  class=\"panel-grid-cell\" ><div id=\"panel-302-4-0-0\" class=\"so-panel widget widget_sow-editor panel-first-child panel-last-child\" data-index=\"6\" ><div\n\t\t\t\n\t\t\tclass=\"so-widget-sow-editor so-widget-sow-editor-base\"\n\t\t\t\n\t\t>\n<div class=\"siteorigin-widget-tinymce textwidget\">\n\t<h3>Une offre nouvelle \u00e0 URDLA<\/h3>\n<p>En compl\u00e9ment de ses dispositifs \u00e0 destination des scolaires, URDLA propose des ateliers cr\u00e9atifs pour les jeunes publics lors des vacances scolaires : visite de l\u2019exposition en cours et pratique artistique autour de l\u2019image imprim\u00e9e (dessin, peinture, tampons, linogravure, pointe s\u00e8che, monotype\u2026). Ils permettent de d\u00e9couvrir des techniques artistiques historiques et de se familiariser avec la cr\u00e9ation contemporaine.<\/p>\n<p>Deux ateliers ont lieu en parall\u00e8le, pour les 5-7 ans et les 8-15 ans permettant aux familles d\u2019inscrire plusieurs enfants. Les groupes sont limit\u00e9s afin de garantir la qualit\u00e9 de ce temps de transmission et d\u2019accompagnement.<\/p>\n<p>L\u2019offre est renouvel\u00e9e \u00e0 chaque nouvelle session ce qui permet aux enfants et aux jeunes d\u2019\u00e9largir et enrichir progressivement leurs d\u00e9couvertes \u00e0 la fois techniques et plastiques.<\/p>\n<h3>Informations pratiques<\/h3>\n<p><strong>Dur\u00e9e<\/strong> : 2 heures.<\/p>\n<p><strong>Tarif<\/strong> : 10.- \u20ac \/ enfant.<\/p>\n<p><strong>Nombre de places limit\u00e9 :<\/strong> r\u00e9servation indispensable<\/p>\n<\/div>\n<\/div><\/div><\/div><div id=\"pgc-302-4-1\"  class=\"panel-grid-cell\" ><div id=\"panel-302-4-1-0\" class=\"so-panel widget widget_sow-editor panel-first-child panel-last-child\" data-index=\"7\" ><div\n\t\t\t\n\t\t\tclass=\"so-widget-sow-editor so-widget-sow-editor-base\"\n\t\t\t\n\t\t>\n<div class=\"siteorigin-widget-tinymce textwidget\">\n\t<h2 data-aos=\"fade-down\" data-aos-duration=\"750\" data-aos-easing=\"ease-out\">Jeunes publics<\/h2>\n<h3>D\u00e9couvrir, rencontrer, pratiquer<\/h3>\n<\/div>\n<\/div><\/div><\/div><\/div><\/div>","protected":false},"excerpt":{"rendered":"<p>Stages<\/p>\n","protected":false},"author":1,"featured_media":0,"parent":0,"menu_order":0,"comment_status":"closed","ping_status":"closed","template":"","meta":[],"acf":[],"_links":{"self":[{"href":"https:\/\/urdla.com\/blog\/wp-json\/wp\/v2\/pages\/302"}],"collection":[{"href":"https:\/\/urdla.com\/blog\/wp-json\/wp\/v2\/pages"}],"about":[{"href":"https:\/\/urdla.com\/blog\/wp-json\/wp\/v2\/types\/page"}],"author":[{"embeddable":true,"href":"https:\/\/urdla.com\/blog\/wp-json\/wp\/v2\/users\/1"}],"replies":[{"embeddable":true,"href":"https:\/\/urdla.com\/blog\/wp-json\/wp\/v2\/comments?post=302"}],"version-history":[{"count":14,"href":"https:\/\/urdla.com\/blog\/wp-json\/wp\/v2\/pages\/302\/revisions"}],"predecessor-version":[{"id":169519,"href":"https:\/\/urdla.com\/blog\/wp-json\/wp\/v2\/pages\/302\/revisions\/169519"}],"wp:attachment":[{"href":"https:\/\/urdla.com\/blog\/wp-json\/wp\/v2\/media?parent=302"}],"curies":[{"name":"wp","href":"https:\/\/api.w.org\/{rel}","templated":true}]}}