{"id":18190,"date":"2023-11-16T11:19:03","date_gmt":"2023-11-16T10:19:03","guid":{"rendered":"https:\/\/urdla.com\/blog\/?page_id=18190"},"modified":"2023-11-21T15:54:03","modified_gmt":"2023-11-21T14:54:03","slug":"vente-privee-2023","status":"publish","type":"page","link":"https:\/\/urdla.com\/blog\/vente-privee-2023\/","title":{"rendered":"Vente priv\u00e9e 2023"},"content":{"rendered":"<div id=\"pl-18190\"  class=\"panel-layout\" ><div id=\"pg-18190-0\"  class=\"panel-grid panel-no-style\" ><div id=\"pgc-18190-0-0\"  class=\"panel-grid-cell\" ><div id=\"panel-18190-0-0-0\" class=\"so-panel widget widget_sow-editor panel-first-child panel-last-child\" data-index=\"0\" ><div\n\t\t\t\n\t\t\tclass=\"so-widget-sow-editor so-widget-sow-editor-base\"\n\t\t\t\n\t\t>\n<div class=\"siteorigin-widget-tinymce textwidget\">\n\t<h2>Inscrivez-vous \u00e0 la Vente Priv\u00e9e<\/h2>\n<p><strong>Vendredi 1er d\u00e9cembre 2023 de 17h \u00e0 20h30<br \/>\n<\/strong>100 places, r\u00e9servation imp\u00e9rative.<br \/>\nValable pour deux personnes.<\/p>\n<div role=\"form\" class=\"wpcf7\" id=\"wpcf7-f18192-o1\" lang=\"fr-FR\" dir=\"ltr\">\n<div class=\"screen-reader-response\"><\/div>\n<form action=\"\/blog\/wp-json\/wp\/v2\/pages\/18190#wpcf7-f18192-o1\" method=\"post\" class=\"wpcf7-form\" novalidate=\"novalidate\">\n<div style=\"display: none;\">\n<input type=\"hidden\" name=\"_wpcf7\" value=\"18192\" \/>\n<input type=\"hidden\" name=\"_wpcf7_version\" value=\"5.1\" \/>\n<input type=\"hidden\" name=\"_wpcf7_locale\" value=\"fr_FR\" \/>\n<input type=\"hidden\" name=\"_wpcf7_unit_tag\" value=\"wpcf7-f18192-o1\" \/>\n<input type=\"hidden\" name=\"_wpcf7_container_post\" value=\"0\" \/>\n<input type=\"hidden\" name=\"g-recaptcha-response\" value=\"\" \/>\n<\/div>\n<p><span class=\"wpcf7-form-control-wrap nom\"><input type=\"text\" name=\"nom\" value=\"\" size=\"40\" class=\"wpcf7-form-control wpcf7-text wpcf7-validates-as-required\" aria-required=\"true\" aria-invalid=\"false\" placeholder=\"Nom et pr\u00e9nom\" \/><\/span><\/p>\n<p><span class=\"wpcf7-form-control-wrap email\"><input type=\"email\" name=\"email\" value=\"\" size=\"40\" class=\"wpcf7-form-control wpcf7-text wpcf7-email wpcf7-validates-as-required wpcf7-validates-as-email\" aria-required=\"true\" aria-invalid=\"false\" placeholder=\"Adresse email\" \/><\/span><\/p>\n<p><span class=\"wpcf7-form-control-wrap societe\"><input type=\"text\" name=\"societe\" value=\"\" size=\"40\" class=\"wpcf7-form-control wpcf7-text\" aria-invalid=\"false\" placeholder=\"Soci\u00e9t\u00e9\" \/><\/span><\/p>\n<p><input type=\"submit\" value=\"R\u00e9servation\" class=\"wpcf7-form-control wpcf7-submit\" \/><\/p>\n<div class=\"wpcf7-response-output wpcf7-display-none\"><\/div><\/form><\/div>\n<\/div>\n<\/div><\/div><\/div><div id=\"pgc-18190-0-1\"  class=\"panel-grid-cell\" ><div id=\"panel-18190-0-1-0\" class=\"so-panel widget widget_sow-image panel-first-child panel-last-child\" data-index=\"1\" ><div\n\t\t\t\n\t\t\tclass=\"so-widget-sow-image so-widget-sow-image-default-c67d20f9f743-18190\"\n\t\t\t\n\t\t>\n<div class=\"sow-image-container\">\n\t\t<img \n\tsrc=\"https:\/\/urdla.com\/blog\/wp-content\/uploads\/2022\/11\/VP2022_resize-500x500.jpg\" width=\"500\" height=\"500\" srcset=\"https:\/\/urdla.com\/blog\/wp-content\/uploads\/2022\/11\/VP2022_resize-500x500.jpg 500w, https:\/\/urdla.com\/blog\/wp-content\/uploads\/2022\/11\/VP2022_resize-150x150.jpg 150w\" sizes=\"(max-width: 500px) 100vw, 500px\" alt=\"\" loading=\"lazy\" \t\tclass=\"so-widget-image\"\/>\n\t<\/div>\n\n<\/div><\/div><\/div><\/div><\/div>","protected":false},"excerpt":{"rendered":"<p>Inscrivez-vous \u00e0 la Vente Priv\u00e9e Vendredi 1er d\u00e9cembre 2023 de 17h \u00e0 20h30 100 places, r\u00e9servation imp\u00e9rative. Valable pour deux personnes.<\/p>\n","protected":false},"author":4,"featured_media":0,"parent":0,"menu_order":0,"comment_status":"closed","ping_status":"closed","template":"","meta":[],"acf":[],"_links":{"self":[{"href":"https:\/\/urdla.com\/blog\/wp-json\/wp\/v2\/pages\/18190"}],"collection":[{"href":"https:\/\/urdla.com\/blog\/wp-json\/wp\/v2\/pages"}],"about":[{"href":"https:\/\/urdla.com\/blog\/wp-json\/wp\/v2\/types\/page"}],"author":[{"embeddable":true,"href":"https:\/\/urdla.com\/blog\/wp-json\/wp\/v2\/users\/4"}],"replies":[{"embeddable":true,"href":"https:\/\/urdla.com\/blog\/wp-json\/wp\/v2\/comments?post=18190"}],"version-history":[{"count":6,"href":"https:\/\/urdla.com\/blog\/wp-json\/wp\/v2\/pages\/18190\/revisions"}],"predecessor-version":[{"id":18259,"href":"https:\/\/urdla.com\/blog\/wp-json\/wp\/v2\/pages\/18190\/revisions\/18259"}],"wp:attachment":[{"href":"https:\/\/urdla.com\/blog\/wp-json\/wp\/v2\/media?parent=18190"}],"curies":[{"name":"wp","href":"https:\/\/api.w.org\/{rel}","templated":true}]}}