{"id":17674,"date":"2023-10-11T11:50:28","date_gmt":"2023-10-11T09:50:28","guid":{"rendered":"https:\/\/urdla.com\/blog\/?page_id=17674"},"modified":"2023-10-11T11:50:28","modified_gmt":"2023-10-11T09:50:28","slug":"reservation-conversation-avec-jennifer-caubet-14-decembre-2023","status":"publish","type":"page","link":"https:\/\/urdla.com\/blog\/reservation\/reservation-conversation-avec-jennifer-caubet-14-decembre-2023\/","title":{"rendered":"R\u00e9servation conversation avec Jennifer Caubet &#8211; 14 d\u00e9cembre 2023"},"content":{"rendered":"<div id=\"pl-17674\"  class=\"panel-layout\" ><div id=\"pg-17674-0\"  class=\"panel-grid panel-no-style\" ><div id=\"pgc-17674-0-0\"  class=\"panel-grid-cell\" ><div id=\"panel-17674-0-0-0\" class=\"so-panel widget widget_sow-editor panel-first-child panel-last-child\" data-index=\"0\" ><div\n\t\t\t\n\t\t\tclass=\"so-widget-sow-editor so-widget-sow-editor-base\"\n\t\t\t\n\t\t>\n<div class=\"siteorigin-widget-tinymce textwidget\">\n\t<h3>Pr\u00e9-inscription<\/h3>\n<h2>Conversation avec Jennifer Caubet autour de l'exposition <em>N\u00e9gociations transversales<\/em> pr\u00e9sent\u00e9e \u00e0 URDLA.<\/h2>\n<div><strong>Jeudi 14 d\u00e9cembre 2023,\u00a0 \u00e0 18 heures 30<\/strong><\/div>\n<p><em>Gratuit<\/em><\/p>\n<p class=\"p2\">URDLA vous contactera prochainement pour vous confirmer votre inscription :<\/p>\n<div role=\"form\" class=\"wpcf7\" id=\"wpcf7-f17677-o1\" lang=\"fr-FR\" dir=\"ltr\">\n<div class=\"screen-reader-response\"><\/div>\n<form action=\"\/blog\/wp-json\/wp\/v2\/pages\/17674#wpcf7-f17677-o1\" method=\"post\" class=\"wpcf7-form\" novalidate=\"novalidate\">\n<div style=\"display: none;\">\n<input type=\"hidden\" name=\"_wpcf7\" value=\"17677\" \/>\n<input type=\"hidden\" name=\"_wpcf7_version\" value=\"5.1\" \/>\n<input type=\"hidden\" name=\"_wpcf7_locale\" value=\"fr_FR\" \/>\n<input type=\"hidden\" name=\"_wpcf7_unit_tag\" value=\"wpcf7-f17677-o1\" \/>\n<input type=\"hidden\" name=\"_wpcf7_container_post\" value=\"0\" \/>\n<input type=\"hidden\" name=\"g-recaptcha-response\" value=\"\" \/>\n<\/div>\n<p><span class=\"wpcf7-form-control-wrap nom\"><input type=\"text\" name=\"nom\" value=\"\" size=\"40\" class=\"wpcf7-form-control wpcf7-text wpcf7-validates-as-required\" aria-required=\"true\" aria-invalid=\"false\" placeholder=\"Nom et pr\u00e9nom\" \/><\/span><\/p>\n<p><span class=\"wpcf7-form-control-wrap email\"><input type=\"email\" name=\"email\" value=\"\" size=\"40\" class=\"wpcf7-form-control wpcf7-text wpcf7-email wpcf7-validates-as-required wpcf7-validates-as-email\" aria-required=\"true\" aria-invalid=\"false\" placeholder=\"Adresse email\" \/><\/span><\/p>\n<p>Nombre de personnes : <span class=\"wpcf7-form-control-wrap personnes\"><input type=\"number\" name=\"personnes\" value=\"1\" class=\"wpcf7-form-control wpcf7-number wpcf7-validates-as-required wpcf7-validates-as-number\" min=\"1\" max=\"2\" aria-required=\"true\" aria-invalid=\"false\" \/><\/span><\/p>\n<p><input type=\"submit\" value=\"Pre-inscription\" class=\"wpcf7-form-control wpcf7-submit\" \/><\/p>\n<div class=\"wpcf7-response-output wpcf7-display-none\"><\/div><\/form><\/div>\n<\/div>\n<\/div><\/div><\/div><\/div><\/div>","protected":false},"excerpt":{"rendered":"<p>Pr\u00e9-inscription Conversation avec Jennifer Caubet autour de l&rsquo;exposition N\u00e9gociations transversales pr\u00e9sent\u00e9e \u00e0 URDLA. Jeudi 14 d\u00e9cembre 2023,\u00a0 \u00e0 18 heures 30 Gratuit URDLA vous contactera prochainement pour vous confirmer votre inscription :<\/p>\n","protected":false},"author":4,"featured_media":0,"parent":956,"menu_order":0,"comment_status":"closed","ping_status":"closed","template":"","meta":[],"acf":[],"_links":{"self":[{"href":"https:\/\/urdla.com\/blog\/wp-json\/wp\/v2\/pages\/17674"}],"collection":[{"href":"https:\/\/urdla.com\/blog\/wp-json\/wp\/v2\/pages"}],"about":[{"href":"https:\/\/urdla.com\/blog\/wp-json\/wp\/v2\/types\/page"}],"author":[{"embeddable":true,"href":"https:\/\/urdla.com\/blog\/wp-json\/wp\/v2\/users\/4"}],"replies":[{"embeddable":true,"href":"https:\/\/urdla.com\/blog\/wp-json\/wp\/v2\/comments?post=17674"}],"version-history":[{"count":3,"href":"https:\/\/urdla.com\/blog\/wp-json\/wp\/v2\/pages\/17674\/revisions"}],"predecessor-version":[{"id":17678,"href":"https:\/\/urdla.com\/blog\/wp-json\/wp\/v2\/pages\/17674\/revisions\/17678"}],"up":[{"embeddable":true,"href":"https:\/\/urdla.com\/blog\/wp-json\/wp\/v2\/pages\/956"}],"wp:attachment":[{"href":"https:\/\/urdla.com\/blog\/wp-json\/wp\/v2\/media?parent=17674"}],"curies":[{"name":"wp","href":"https:\/\/api.w.org\/{rel}","templated":true}]}}