{"id":169166,"date":"2026-02-14T17:44:34","date_gmt":"2026-02-14T16:44:34","guid":{"rendered":"https:\/\/urdla.com\/blog\/?page_id=169166"},"modified":"2026-02-14T17:44:34","modified_gmt":"2026-02-14T16:44:34","slug":"formation-continue-lithographie-niveau-ii","status":"publish","type":"page","link":"https:\/\/urdla.com\/blog\/formations\/formation-continue-lithographie-niveau-ii\/","title":{"rendered":"Formation continue lithographie Niveau II"},"content":{"rendered":"<div id=\"pl-169166\"  class=\"panel-layout\" ><div id=\"pg-169166-0\"  class=\"panel-grid panel-no-style\" ><div id=\"pgc-169166-0-0\"  class=\"panel-grid-cell\" ><div id=\"panel-169166-0-0-0\" class=\"so-panel widget widget_sow-image panel-first-child panel-last-child\" data-index=\"0\" ><div\n\t\t\t\n\t\t\tclass=\"so-widget-sow-image so-widget-sow-image-default-8b5b6f678277-169166\"\n\t\t\t\n\t\t>\n<div class=\"sow-image-container\">\n\t\t<img \n\tsrc=\"https:\/\/urdla.com\/blog\/wp-content\/uploads\/2026\/02\/cecile-cayon-urdla-alexandre-leger-et-details-villeurbanne-64-scaled.jpg\" width=\"2560\" height=\"1706\" srcset=\"https:\/\/urdla.com\/blog\/wp-content\/uploads\/2026\/02\/cecile-cayon-urdla-alexandre-leger-et-details-villeurbanne-64-scaled.jpg 2560w, https:\/\/urdla.com\/blog\/wp-content\/uploads\/2026\/02\/cecile-cayon-urdla-alexandre-leger-et-details-villeurbanne-64-300x200.jpg 300w, https:\/\/urdla.com\/blog\/wp-content\/uploads\/2026\/02\/cecile-cayon-urdla-alexandre-leger-et-details-villeurbanne-64-1024x683.jpg 1024w, https:\/\/urdla.com\/blog\/wp-content\/uploads\/2026\/02\/cecile-cayon-urdla-alexandre-leger-et-details-villeurbanne-64-768x512.jpg 768w, https:\/\/urdla.com\/blog\/wp-content\/uploads\/2026\/02\/cecile-cayon-urdla-alexandre-leger-et-details-villeurbanne-64-1536x1024.jpg 1536w, https:\/\/urdla.com\/blog\/wp-content\/uploads\/2026\/02\/cecile-cayon-urdla-alexandre-leger-et-details-villeurbanne-64-2048x1365.jpg 2048w, https:\/\/urdla.com\/blog\/wp-content\/uploads\/2026\/02\/cecile-cayon-urdla-alexandre-leger-et-details-villeurbanne-64-2000x1333.jpg 2000w, https:\/\/urdla.com\/blog\/wp-content\/uploads\/2026\/02\/cecile-cayon-urdla-alexandre-leger-et-details-villeurbanne-64-1568x1045.jpg 1568w, https:\/\/urdla.com\/blog\/wp-content\/uploads\/2026\/02\/cecile-cayon-urdla-alexandre-leger-et-details-villeurbanne-64-272x182.jpg 272w\" sizes=\"(max-width: 2560px) 100vw, 2560px\" title=\"cecile cayon-urdla-alexandre leger et details-villeurbanne-64\" alt=\"\" loading=\"lazy\" \t\tclass=\"so-widget-image\"\/>\n\t<\/div>\n\n<\/div><\/div><\/div><\/div><div id=\"pg-169166-1\"  class=\"panel-grid panel-no-style\" ><div id=\"pgc-169166-1-0\"  class=\"panel-grid-cell\" ><div id=\"panel-169166-1-0-0\" class=\"so-panel widget widget_sow-editor panel-first-child panel-last-child\" data-index=\"1\" ><div\n\t\t\t\n\t\t\tclass=\"so-widget-sow-editor so-widget-sow-editor-base\"\n\t\t\t\n\t\t>\n<div class=\"siteorigin-widget-tinymce textwidget\">\n\t<h1 style=\"font-size: 4rem;\">Lithographie Niveau II<\/h1>\n<h2>Formation continue<\/h2>\n<\/div>\n<\/div><\/div><\/div><\/div><div id=\"pg-169166-2\"  class=\"panel-grid panel-no-style\" ><div id=\"pgc-169166-2-0\"  class=\"panel-grid-cell\" ><div id=\"panel-169166-2-0-0\" class=\"so-panel widget widget_sow-editor panel-first-child panel-last-child\" data-index=\"2\" ><div\n\t\t\t\n\t\t\tclass=\"so-widget-sow-editor so-widget-sow-editor-base\"\n\t\t\t\n\t\t>\n<div class=\"siteorigin-widget-tinymce textwidget\">\n\t<p>URDLA, galerie d\u2019art d\u00e9di\u00e9e \u00e0 l\u2019estampe contemporaine, est aussi un lieu de transmission, reconnu comme organisme de formation. Ayant pour ambition d\u2019initier artistes et amateurs aux techniques de l\u2019estampe, nous proposons des formations continues afin d\u2019approfondir ou de s\u2019initier \u00e0 la lithographie.<\/p>\n<p>\u00c0 l\u2019origine de la cr\u00e9ation de l\u2019association en 1978 suite au sauvetage d\u2019une imprimerie lithographique lyonnaise, la lithographie est l\u2019une des techniques phares pratiqu\u00e9es \u00e0 URDLA. C\u2019est dans cette logique de pr\u00e9servation et transmission de ce savoir-faire que nous proposons une <strong>formation lithographie niveau II<\/strong>.<\/p>\n<p>Destin\u00e9e aux personnes disposant d\u2019une exp\u00e9rience confirm\u00e9e en lithographie, cette formation de quatre jours (32 heures) permet d\u2019approfondir et de consolider les comp\u00e9tences n\u00e9cessaires \u00e0 la conduite compl\u00e8te d\u2019un projet d\u2019\u00e9dition, de son analyse \u00e0 son impression en s\u00e9rie. Les participants sont accompagn\u00e9s par le lithographe d\u2019URDLA et travaillent avec le mat\u00e9riel professionnel d\u00e9di\u00e9 \u00e0 la lithographie.<\/p>\n<p>Lire aussi : <a href=\"https:\/\/urdla.com\/blog\/financement\/\">Comment financer ma formation URDLA ?<\/a><\/p>\n<h3>Situation de Handicap<\/h3>\n<p>Si vous \u00eates en situation de handicap, merci de le faire savoir pour que nous nous adaptions \u00e0 vos n\u00e9cessit\u00e9s.<\/p>\n<\/div>\n<\/div><\/div><\/div><\/div><div id=\"pg-169166-3\"  class=\"panel-grid panel-no-style\" ><div id=\"pgc-169166-3-0\"  class=\"panel-grid-cell\" ><div id=\"panel-169166-3-0-0\" class=\"so-panel widget widget_sow-editor panel-first-child\" data-index=\"3\" ><div\n\t\t\t\n\t\t\tclass=\"so-widget-sow-editor so-widget-sow-editor-base\"\n\t\t\t\n\t\t>\n<div class=\"siteorigin-widget-tinymce textwidget\">\n\t<h2>Programme p\u00e9dagogique<\/h2>\n<p>Notre formation continue en lithographie est d\u00e9coup\u00e9e en quatre modules :<\/p>\n<p class=\"p1\"><b>I-\u00a0Accueillir un projet d\u2019\u00e9dition : <\/b>(4 heures)<\/p>\n<ul class=\"ul1\">\n<li class=\"li1\">Analyser et d\u00e9terminer les besoins d\u2019un projet d\u2019\u00e9dition<\/li>\n<li class=\"li1\">D\u00e9finir les moyens techniques d\u2019un projet d\u2019\u00e9dition<\/li>\n<li class=\"li1\">R\u00e9diger &amp; tenir \u00e0 jour un carnet de production<\/li>\n<\/ul>\n<p class=\"p1\"><b>II-\u00a0Dessiner &amp; exp\u00e9rimenter : <\/b>(12 heures)<\/p>\n<ul class=\"ul1\">\n<li class=\"li1\">Pr\u00e9parer la pierre avant dessin (rep\u00e8res)<\/li>\n<li class=\"li1\">Dessiner deux pierres lithographiques (premi\u00e8re couleur et seconde couleur)<\/li>\n<li>Exp\u00e9rimenter des proc\u00e9d\u00e9s alternatifs (stylo bic, bombe de peinture, lavis, etc.)<\/li>\n<\/ul>\n<p class=\"p1\"><b>III-\u00a0Imprimer\u00a0en s\u00e9rie : <\/b>(12 heures)<\/p>\n<ul class=\"ul1\">\n<li class=\"li1\">R\u00e9aliser un bon \u00e0 tirer de la premi\u00e8re couleur<\/li>\n<li class=\"li1\">Imprimer et maintenir un tirage en s\u00e9rie de la premi\u00e8re pierre selon le BAT<\/li>\n<li class=\"li1\">R\u00e9aliser un bon \u00e0 tirer de la seconde pierre<\/li>\n<li class=\"li1\">Imprimer un tirage en s\u00e9rie de la seconde pierre selon le BAT<\/li>\n<\/ul>\n<p class=\"p1\"><b>IV-\u00a0Nettoyer &amp; entretenir\u00a0: <\/b>(4 heures)<\/p>\n<ul class=\"ul1\">\n<li class=\"li1\">Nettoyer les tirages<\/li>\n<li class=\"li1\">Timbrer les tirages<\/li>\n<\/ul>\n<p>&nbsp;<\/p>\n<\/div>\n<\/div><\/div><div id=\"panel-169166-3-0-1\" class=\"so-panel widget widget_sow-editor\" data-index=\"4\" ><div\n\t\t\t\n\t\t\tclass=\"so-widget-sow-editor so-widget-sow-editor-base\"\n\t\t\t\n\t\t>\n<div class=\"siteorigin-widget-tinymce textwidget\">\n\t<h2>Synth\u00e8se de nos formations r\u00e9alis\u00e9es sur l\u2019ann\u00e9e 2025<br \/>\n(pour 12 stagiaires accueillis)<\/h2>\n<ul>\n<li>\u00c9valuation du b\u00e9n\u00e9fice de la formation : 9,81\/10<\/li>\n<li>\u00c9valuation des moyens techniques: 10\/10<\/li>\n<li>Qualit\u00e9 globale des formations: 9,91\/10<\/li>\n<\/ul>\n<\/div>\n<\/div><\/div><div id=\"panel-169166-3-0-2\" class=\"so-panel widget widget_sow-editor panel-last-child\" data-index=\"5\" ><div\n\t\t\t\n\t\t\tclass=\"so-widget-sow-editor so-widget-sow-editor-base\"\n\t\t\t\n\t\t>\n<div class=\"siteorigin-widget-tinymce textwidget\">\n\t<h2>CONTACTS<\/h2>\n<p><strong>Re\u0301fe\u0301rent administratif, pe\u0301dagogique et handicap - Marceau Baptiste - charge\u0301 de formation<\/strong><br \/>\nformation@urdla.com \/ Te\u0301l. 04 72 65 33 34<\/p>\n<\/div>\n<\/div><\/div><\/div><div id=\"pgc-169166-3-1\"  class=\"panel-grid-cell\" ><div id=\"panel-169166-3-1-0\" class=\"so-panel widget widget_sow-editor panel-first-child panel-last-child\" data-index=\"6\" ><div class=\"grey_bloc panel-widget-style panel-widget-style-for-169166-3-1-0\" ><div\n\t\t\t\n\t\t\tclass=\"so-widget-sow-editor so-widget-sow-editor-base\"\n\t\t\t\n\t\t>\n<div class=\"siteorigin-widget-tinymce textwidget\">\n\t<p style=\"text-align: left;\"><em>Dates<br \/>\n<\/em><b>du mardi 20 au vendredi 23 octobre 2026<\/b><\/p>\n<p style=\"text-align: left;\"><em>Lieu<\/em><br \/>\n<strong>URDLA<\/strong><\/p>\n<p style=\"text-align: left;\"><strong>limit\u00e9 \u00e0 4 participants<\/strong><\/p>\n<p style=\"text-align: left;\"><em>Dur\u00e9e<\/em><br \/>\n<strong>32 heures<\/strong><\/p>\n<p style=\"text-align: left;\"><em>Horaires<\/em><br \/>\n<strong>De 9 h \u00e0 13 h et de 14 h \u00e0 18 h<\/strong><\/p>\n<p style=\"text-align: left;\"><em>Pr\u00e9requis<br \/>\n<\/em><strong>Cette formation s\u2019adresse aux personnes disposant d\u2019une exp\u00e9rience av\u00e9r\u00e9e en lithographie et souhaitant<\/strong><strong> perfectionner leur pratique. Pour acc\u00e9der \u00e0 cette formation, il est n\u00e9cessaire de :<\/strong><\/p>\n<p class=\"p1\"><strong>- Remplir le formulaire d\u2019inscription disponible en ligne.<br \/>\n<\/strong><strong>- Avoir b\u00e9n\u00e9ficier la formation en lithographie niveau I \u00e0 URDLA et\/ou justifier d\u2019une pratique pr\u00e9alable de la lithographie lors d\u2019un entretien t\u00e9l\u00e9phonique (20 min)<br \/>\n<\/strong><strong>- Apporter un projet lors du d\u00e9roul\u00e9 de la session de formation.<\/strong><\/p>\n<p style=\"text-align: left;\"><strong>Co\u00fbt de la formation : 4000.\u2013 \u20ac<\/strong><\/p>\n<p style=\"text-align: left;\"><strong>Mat\u00e9riel fourni par URDLA, pr\u00e9voir un tablier<\/strong><\/p>\n<p style=\"text-align: left;\"><strong>\u00c0 l\u2019issue de la formation, une attestation URDLA sera remise \u00e0 chaque participant.<\/strong><\/p>\n<p style=\"text-align: left;\"><a class=\"btn_custom full\" href=\"https:\/\/urdla.com\/blog\/formations\/inscription\/\">Inscription<\/a><\/p>\n<\/div>\n<\/div><\/div><\/div><\/div><\/div><\/div>","protected":false},"excerpt":{"rendered":"<p>Lithographie Niveau II Formation continue<\/p>\n","protected":false},"author":4,"featured_media":0,"parent":6568,"menu_order":0,"comment_status":"closed","ping_status":"closed","template":"","meta":[],"acf":[],"_links":{"self":[{"href":"https:\/\/urdla.com\/blog\/wp-json\/wp\/v2\/pages\/169166"}],"collection":[{"href":"https:\/\/urdla.com\/blog\/wp-json\/wp\/v2\/pages"}],"about":[{"href":"https:\/\/urdla.com\/blog\/wp-json\/wp\/v2\/types\/page"}],"author":[{"embeddable":true,"href":"https:\/\/urdla.com\/blog\/wp-json\/wp\/v2\/users\/4"}],"replies":[{"embeddable":true,"href":"https:\/\/urdla.com\/blog\/wp-json\/wp\/v2\/comments?post=169166"}],"version-history":[{"count":34,"href":"https:\/\/urdla.com\/blog\/wp-json\/wp\/v2\/pages\/169166\/revisions"}],"predecessor-version":[{"id":169296,"href":"https:\/\/urdla.com\/blog\/wp-json\/wp\/v2\/pages\/169166\/revisions\/169296"}],"up":[{"embeddable":true,"href":"https:\/\/urdla.com\/blog\/wp-json\/wp\/v2\/pages\/6568"}],"wp:attachment":[{"href":"https:\/\/urdla.com\/blog\/wp-json\/wp\/v2\/media?parent=169166"}],"curies":[{"name":"wp","href":"https:\/\/api.w.org\/{rel}","templated":true}]}}