{"id":1538,"date":"2020-02-27T16:28:11","date_gmt":"2020-02-27T15:28:11","guid":{"rendered":"https:\/\/urdla.com\/blog\/?page_id=1538"},"modified":"2025-03-25T11:00:21","modified_gmt":"2025-03-25T10:00:21","slug":"soutiens","status":"publish","type":"page","link":"https:\/\/urdla.com\/blog\/soutiens\/","title":{"rendered":"Soutenir"},"content":{"rendered":"<div id=\"pl-1538\"  class=\"panel-layout\" ><div id=\"pg-1538-0\"  class=\"panel-grid panel-no-style\" ><div id=\"pgc-1538-0-0\"  class=\"panel-grid-cell\" ><div id=\"panel-1538-0-0-0\" class=\"so-panel widget widget_sow-editor panel-first-child panel-last-child\" data-index=\"0\" ><div\n\t\t\t\n\t\t\tclass=\"so-widget-sow-editor so-widget-sow-editor-base\"\n\t\t\t\n\t\t>\n<div class=\"siteorigin-widget-tinymce textwidget\">\n\t<p style=\"text-align: left;\">URDLA remercie particuli\u00e8rement les partenaires publics qui depuis plus de 40 ans soutiennent son activit\u00e9 et son d\u00e9veloppement.<\/p>\n<p><img loading=\"lazy\" class=\"alignnone wp-image-34300 size-full\" src=\"https:\/\/urdla.com\/blog\/wp-content\/uploads\/2024\/07\/Logos-page-NOS-SOUTIENS-site-1.png\" alt=\"\" width=\"6461\" height=\"1063\" srcset=\"https:\/\/urdla.com\/blog\/wp-content\/uploads\/2024\/07\/Logos-page-NOS-SOUTIENS-site-1.png 6461w, https:\/\/urdla.com\/blog\/wp-content\/uploads\/2024\/07\/Logos-page-NOS-SOUTIENS-site-1-300x49.png 300w, https:\/\/urdla.com\/blog\/wp-content\/uploads\/2024\/07\/Logos-page-NOS-SOUTIENS-site-1-1024x168.png 1024w, https:\/\/urdla.com\/blog\/wp-content\/uploads\/2024\/07\/Logos-page-NOS-SOUTIENS-site-1-768x126.png 768w, https:\/\/urdla.com\/blog\/wp-content\/uploads\/2024\/07\/Logos-page-NOS-SOUTIENS-site-1-1536x253.png 1536w, https:\/\/urdla.com\/blog\/wp-content\/uploads\/2024\/07\/Logos-page-NOS-SOUTIENS-site-1-2048x337.png 2048w, https:\/\/urdla.com\/blog\/wp-content\/uploads\/2024\/07\/Logos-page-NOS-SOUTIENS-site-1-2000x329.png 2000w, https:\/\/urdla.com\/blog\/wp-content\/uploads\/2024\/07\/Logos-page-NOS-SOUTIENS-site-1-1568x258.png 1568w\" sizes=\"(max-width: 6461px) 100vw, 6461px\" \/><br \/>\n<img loading=\"lazy\" class=\"aligncenter size-large wp-image-5858\" style=\"background: #f5f5f5;\" src=\"https:\/\/urdla.com\/blog\/wp-content\/uploads\/2021\/12\/VCFC22_Logo_Principal_Brush_RVB-1024x598.png\" alt=\"\" width=\"1024\" height=\"598\" srcset=\"https:\/\/urdla.com\/blog\/wp-content\/uploads\/2021\/12\/VCFC22_Logo_Principal_Brush_RVB-1024x598.png 1024w, https:\/\/urdla.com\/blog\/wp-content\/uploads\/2021\/12\/VCFC22_Logo_Principal_Brush_RVB-300x175.png 300w, https:\/\/urdla.com\/blog\/wp-content\/uploads\/2021\/12\/VCFC22_Logo_Principal_Brush_RVB-768x449.png 768w, https:\/\/urdla.com\/blog\/wp-content\/uploads\/2021\/12\/VCFC22_Logo_Principal_Brush_RVB.png 1280w\" sizes=\"(max-width: 1024px) 100vw, 1024px\" \/><img loading=\"lazy\" class=\"size-large wp-image-5852 aligncenter\" src=\"https:\/\/urdla.com\/blog\/wp-content\/uploads\/2021\/12\/BLOC-LOGOS-FINANCEURS_v4-1024x158.png\" alt=\"\" width=\"1024\" height=\"158\" srcset=\"https:\/\/urdla.com\/blog\/wp-content\/uploads\/2021\/12\/BLOC-LOGOS-FINANCEURS_v4-1024x158.png 1024w, https:\/\/urdla.com\/blog\/wp-content\/uploads\/2021\/12\/BLOC-LOGOS-FINANCEURS_v4-300x46.png 300w, https:\/\/urdla.com\/blog\/wp-content\/uploads\/2021\/12\/BLOC-LOGOS-FINANCEURS_v4-768x119.png 768w, https:\/\/urdla.com\/blog\/wp-content\/uploads\/2021\/12\/BLOC-LOGOS-FINANCEURS_v4.png 1280w\" sizes=\"(max-width: 1024px) 100vw, 1024px\" \/><\/p>\n<\/div>\n<\/div><\/div><\/div><\/div><\/div>","protected":false},"excerpt":{"rendered":"<p>URDLA remercie particuli\u00e8rement les partenaires publics qui depuis plus de 40 ans soutiennent son activit\u00e9 et son d\u00e9veloppement.<\/p>\n","protected":false},"author":1,"featured_media":62971,"parent":0,"menu_order":0,"comment_status":"closed","ping_status":"closed","template":"","meta":[],"acf":[],"_links":{"self":[{"href":"https:\/\/urdla.com\/blog\/wp-json\/wp\/v2\/pages\/1538"}],"collection":[{"href":"https:\/\/urdla.com\/blog\/wp-json\/wp\/v2\/pages"}],"about":[{"href":"https:\/\/urdla.com\/blog\/wp-json\/wp\/v2\/types\/page"}],"author":[{"embeddable":true,"href":"https:\/\/urdla.com\/blog\/wp-json\/wp\/v2\/users\/1"}],"replies":[{"embeddable":true,"href":"https:\/\/urdla.com\/blog\/wp-json\/wp\/v2\/comments?post=1538"}],"version-history":[{"count":27,"href":"https:\/\/urdla.com\/blog\/wp-json\/wp\/v2\/pages\/1538\/revisions"}],"predecessor-version":[{"id":62992,"href":"https:\/\/urdla.com\/blog\/wp-json\/wp\/v2\/pages\/1538\/revisions\/62992"}],"wp:featuredmedia":[{"embeddable":true,"href":"https:\/\/urdla.com\/blog\/wp-json\/wp\/v2\/media\/62971"}],"wp:attachment":[{"href":"https:\/\/urdla.com\/blog\/wp-json\/wp\/v2\/media?parent=1538"}],"curies":[{"name":"wp","href":"https:\/\/api.w.org\/{rel}","templated":true}]}}