{"id":14667,"date":"2023-02-28T16:41:45","date_gmt":"2023-02-28T15:41:45","guid":{"rendered":"https:\/\/urdla.com\/blog\/?page_id=14667"},"modified":"2023-03-01T09:01:49","modified_gmt":"2023-03-01T08:01:49","slug":"assemblee-generale-2023","status":"publish","type":"page","link":"https:\/\/urdla.com\/blog\/reservation\/assemblee-generale-2023\/","title":{"rendered":"Assembl\u00e9e G\u00e9n\u00e9rale 2023"},"content":{"rendered":"<div id=\"pl-14667\"  class=\"panel-layout\" ><div id=\"pg-14667-0\"  class=\"panel-grid panel-no-style\" ><div id=\"pgc-14667-0-0\"  class=\"panel-grid-cell\" ><div id=\"panel-14667-0-0-0\" class=\"so-panel widget widget_sow-editor panel-first-child panel-last-child\" data-index=\"0\" ><div\n\t\t\t\n\t\t\tclass=\"so-widget-sow-editor so-widget-sow-editor-base\"\n\t\t\t\n\t\t>\n<div class=\"siteorigin-widget-tinymce textwidget\">\n\t<h2><strong>Invitation \u00e0 l\u2019Assembl\u00e9e G\u00e9n\u00e9rale<\/strong><\/h2>\n<\/div>\n<\/div><\/div><\/div><\/div><div id=\"pg-14667-1\"  class=\"panel-grid panel-no-style\" ><div id=\"pgc-14667-1-0\"  class=\"panel-grid-cell\" ><div id=\"panel-14667-1-0-0\" class=\"so-panel widget widget_sow-editor panel-first-child panel-last-child\" data-index=\"1\" ><div\n\t\t\t\n\t\t\tclass=\"so-widget-sow-editor so-widget-sow-editor-base\"\n\t\t\t\n\t\t>\n<div class=\"siteorigin-widget-tinymce textwidget\">\n\t<p>Pour participer \u00e0 l\u2019AG, il convient d\u2019\u00eatre membre.<\/p>\n<h3>Jeudi 30 mars 2023 \u00e0 18 heures 30<\/h3>\n<p><b>Ordre du jour<\/b><\/p>\n<ul>\n<li>Rapport moral<\/li>\n<li>Rapport d\u2019activit\u00e9<\/li>\n<li>Approbation des comptes 2022<\/li>\n<li>Questions diverses<\/li>\n<\/ul>\n<\/div>\n<\/div><\/div><\/div><div id=\"pgc-14667-1-1\"  class=\"panel-grid-cell\" ><div id=\"panel-14667-1-1-0\" class=\"so-panel widget widget_sow-editor panel-first-child panel-last-child\" data-index=\"2\" ><div\n\t\t\t\n\t\t\tclass=\"so-widget-sow-editor so-widget-sow-editor-base\"\n\t\t\t\n\t\t>\n<div class=\"siteorigin-widget-tinymce textwidget\">\n\t<div role=\"form\" class=\"wpcf7\" id=\"wpcf7-f14683-o1\" lang=\"fr-FR\" dir=\"ltr\">\n<div class=\"screen-reader-response\"><\/div>\n<form action=\"\/blog\/wp-json\/wp\/v2\/pages\/14667#wpcf7-f14683-o1\" method=\"post\" class=\"wpcf7-form\" novalidate=\"novalidate\">\n<div style=\"display: none;\">\n<input type=\"hidden\" name=\"_wpcf7\" value=\"14683\" \/>\n<input type=\"hidden\" name=\"_wpcf7_version\" value=\"5.1\" \/>\n<input type=\"hidden\" name=\"_wpcf7_locale\" value=\"fr_FR\" \/>\n<input type=\"hidden\" name=\"_wpcf7_unit_tag\" value=\"wpcf7-f14683-o1\" \/>\n<input type=\"hidden\" name=\"_wpcf7_container_post\" value=\"0\" \/>\n<input type=\"hidden\" name=\"g-recaptcha-response\" value=\"\" \/>\n<\/div>\n<p><span class=\"wpcf7-form-control-wrap nom\"><input type=\"text\" name=\"nom\" value=\"\" size=\"40\" class=\"wpcf7-form-control wpcf7-text wpcf7-validates-as-required\" aria-required=\"true\" aria-invalid=\"false\" placeholder=\"Nom et pr\u00e9nom\" \/><\/span><\/p>\n<p><span class=\"wpcf7-form-control-wrap email\"><input type=\"email\" name=\"email\" value=\"\" size=\"40\" class=\"wpcf7-form-control wpcf7-text wpcf7-email wpcf7-validates-as-required wpcf7-validates-as-email\" aria-required=\"true\" aria-invalid=\"false\" placeholder=\"Adresse email\" \/><\/span><\/p>\n<p><span class=\"wpcf7-form-control-wrap societe\"><input type=\"text\" name=\"societe\" value=\"\" size=\"40\" class=\"wpcf7-form-control wpcf7-text\" aria-invalid=\"false\" placeholder=\"Soci\u00e9t\u00e9\" \/><\/span><\/p>\n<p><input type=\"submit\" value=\"Inscription\" class=\"wpcf7-form-control wpcf7-submit\" \/><\/p>\n<div class=\"wpcf7-response-output wpcf7-display-none\"><\/div><\/form><\/div>\n<\/div>\n<\/div><\/div><\/div><\/div><\/div>","protected":false},"excerpt":{"rendered":"<p>Invitation \u00e0 l\u2019Assembl\u00e9e G\u00e9n\u00e9rale Pour participer \u00e0 l\u2019AG, il convient d\u2019\u00eatre membre. Jeudi 30 mars 2023 \u00e0 18 heures 30 Ordre du jour Rapport moral Rapport d\u2019activit\u00e9 Approbation des comptes 2022 Questions diverses<\/p>\n","protected":false},"author":4,"featured_media":0,"parent":956,"menu_order":0,"comment_status":"closed","ping_status":"closed","template":"","meta":[],"acf":[],"_links":{"self":[{"href":"https:\/\/urdla.com\/blog\/wp-json\/wp\/v2\/pages\/14667"}],"collection":[{"href":"https:\/\/urdla.com\/blog\/wp-json\/wp\/v2\/pages"}],"about":[{"href":"https:\/\/urdla.com\/blog\/wp-json\/wp\/v2\/types\/page"}],"author":[{"embeddable":true,"href":"https:\/\/urdla.com\/blog\/wp-json\/wp\/v2\/users\/4"}],"replies":[{"embeddable":true,"href":"https:\/\/urdla.com\/blog\/wp-json\/wp\/v2\/comments?post=14667"}],"version-history":[{"count":6,"href":"https:\/\/urdla.com\/blog\/wp-json\/wp\/v2\/pages\/14667\/revisions"}],"predecessor-version":[{"id":14684,"href":"https:\/\/urdla.com\/blog\/wp-json\/wp\/v2\/pages\/14667\/revisions\/14684"}],"up":[{"embeddable":true,"href":"https:\/\/urdla.com\/blog\/wp-json\/wp\/v2\/pages\/956"}],"wp:attachment":[{"href":"https:\/\/urdla.com\/blog\/wp-json\/wp\/v2\/media?parent=14667"}],"curies":[{"name":"wp","href":"https:\/\/api.w.org\/{rel}","templated":true}]}}