{"id":139318,"date":"2025-09-16T15:33:14","date_gmt":"2025-09-16T13:33:14","guid":{"rendered":"https:\/\/urdla.com\/blog\/?page_id=139318"},"modified":"2025-10-02T14:35:33","modified_gmt":"2025-10-02T12:35:33","slug":"scuola","status":"publish","type":"page","link":"https:\/\/urdla.com\/blog\/scuola\/","title":{"rendered":"SCUOLA URDLA"},"content":{"rendered":"<div id=\"pl-139318\"  class=\"panel-layout\" ><div id=\"pg-139318-0\"  class=\"panel-grid panel-no-style\" ><div id=\"pgc-139318-0-0\"  class=\"panel-grid-cell\" ><div id=\"panel-139318-0-0-0\" class=\"so-panel widget widget_sow-editor panel-first-child panel-last-child\" data-index=\"0\" ><div\n\t\t\t\n\t\t\tclass=\"so-widget-sow-editor so-widget-sow-editor-base\"\n\t\t\t\n\t\t>\n<div class=\"siteorigin-widget-tinymce textwidget\">\n\t<h1>Scuola URDLA<\/h1>\n<\/div>\n<\/div><\/div><\/div><\/div><div id=\"pg-139318-1\"  class=\"panel-grid panel-no-style\" ><div id=\"pgc-139318-1-0\"  class=\"panel-grid-cell\" ><div id=\"panel-139318-1-0-0\" class=\"so-panel widget widget_text panel-first-child panel-last-child\" data-index=\"1\" ><h3 class=\"widget-title\">La transmission \u00e0 URDLA ?<\/h3>\t\t\t<div class=\"textwidget\"><p>SCUOLA URDLA d\u00e9veloppe des parcours et des projets qui visent \u00e0 permettre un rencontre avec les pratiques visuelles d\u2019aujourd\u2019hui pour les publics dans toute leur \u00e9tendue : depuis la petite enfance jusqu\u2019\u00e0 l\u2019enseignement sup\u00e9rieur. La sp\u00e9cificit\u00e9 d\u2019URDLA permet d\u2019articule aux savoir-faire de l\u2019estampe.<\/p>\n<p>Qu\u2019est-ce qu\u2019un parcours d\u2019\u00e9ducation artistique \u00e0 URDLA ?<\/p>\n<p>\u2013 Un parcours d\u2019\u00e9ducation artistique et culturelle \u00e0 URDLA o\ufb00re une rencontre avec des alt\u00e9rit\u00e9s de pens\u00e9es, de formes et de techniques. Elle est port\u00e9e par des dispositifs de p\u00e9dagogie active.<\/p>\n<p>\u2013 La rencontre avec un artiste ouvre \u00e0 la rencontre d\u2019une pratique plastique, c\u2019est-\u00e0-dire une lecture plastique du monde in\u00e9dite pour les enseignants, l\u2019\u00e9quipe p\u00e9dagogique et les \u00e9l\u00e8ves : penser en forme \/ penser avec les yeux.<br \/>\nL\u2019approche et la pratique des savoir-faire artisanaux de l\u2019estampe ouvrent \u00e0 la pratique et l\u2019exp\u00e9rimentation : penser avec les mains.<\/p>\n<p>\u2013 Les ateliers de pratique se d\u00e9roulent en immersion, o\u00f9 les participants exp\u00e9rimentent les techniques d&rsquo;impression sous la direction d\u2019artistes. La participation et la pratique, le passage par la parole, les discussions, la restitution (accrochage) et la m\u00e9diation permettent de s\u2019approprier la cr\u00e9ation et les techniques.<\/p>\n<p><strong>Nos actions : t\u00e9l\u00e9charger le dossier de pr\u00e9sentation.<br \/>\n<\/strong><strong>Pour une demande de PEAC avec URDLA et un artiste, merci de remplir le formulaire suivant :\u00a0<a href=\"https:\/\/docs.google.com\/forms\/d\/e\/1FAIpQLSenpUaMimbmiL07bEQAMqtDb5Xy9gCZ0Ulxirpe4eVm2xtxZA\/viewform\">formulaire \u00e0 remplir<\/a>.<\/strong><\/p>\n<\/div>\n\t\t<\/div><\/div><\/div><div id=\"pg-139318-2\"  class=\"panel-grid panel-no-style\" ><div id=\"pgc-139318-2-0\"  class=\"panel-grid-cell\" ><div class=\"stages_post_warp\">        <article class=\"stage_item\">        <!-- m\u00eame classe que \"stages\" -->\n            <div class=\"post_thumbnail\">\n                <a href=\"https:\/\/urdla.com\/blog\/cadrez-collees\/\" class=\"post_thumbnail\">\n                    <img width=\"1568\" height=\"1046\" src=\"https:\/\/urdla.com\/blog\/wp-content\/uploads\/2025\/06\/cecile-cayon-urdla-chaap-villeurbanne-4-1568x1046.jpg\" class=\"attachment-post-thumbnail size-post-thumbnail wp-post-image\" alt=\"\" loading=\"lazy\" srcset=\"https:\/\/urdla.com\/blog\/wp-content\/uploads\/2025\/06\/cecile-cayon-urdla-chaap-villeurbanne-4-1568x1046.jpg 1568w, https:\/\/urdla.com\/blog\/wp-content\/uploads\/2025\/06\/cecile-cayon-urdla-chaap-villeurbanne-4-300x200.jpg 300w, https:\/\/urdla.com\/blog\/wp-content\/uploads\/2025\/06\/cecile-cayon-urdla-chaap-villeurbanne-4-1024x683.jpg 1024w, https:\/\/urdla.com\/blog\/wp-content\/uploads\/2025\/06\/cecile-cayon-urdla-chaap-villeurbanne-4-768x512.jpg 768w, https:\/\/urdla.com\/blog\/wp-content\/uploads\/2025\/06\/cecile-cayon-urdla-chaap-villeurbanne-4-1536x1024.jpg 1536w, https:\/\/urdla.com\/blog\/wp-content\/uploads\/2025\/06\/cecile-cayon-urdla-chaap-villeurbanne-4-2048x1366.jpg 2048w, https:\/\/urdla.com\/blog\/wp-content\/uploads\/2025\/06\/cecile-cayon-urdla-chaap-villeurbanne-4-2000x1334.jpg 2000w, https:\/\/urdla.com\/blog\/wp-content\/uploads\/2025\/06\/cecile-cayon-urdla-chaap-villeurbanne-4-272x182.jpg 272w\" sizes=\"(max-width: 1568px) 100vw, 1568px\" \/>                <\/a>\n            <\/div>\n\n            <div class=\"post_content\">\n                <h2 class=\"post-title\"><a href=\"https:\/\/urdla.com\/blog\/cadrez-collees\/\">Cadrez coll\u00e9es<\/a><\/h2>\n                <div class=\"entry-content\"><p>Cadrez coll\u00e9es<\/br>\r\nColl\u00e8ge des Gratte-Ciel-Morice Leroux, Villeurbanne<\/br>[...]<\/p><\/div>\n                <a href=\"https:\/\/urdla.com\/blog\/cadrez-collees\/\" class=\"read_more\">Lire la suite <i class=\"icon-readmore\"><\/i><\/a>\n            <\/div>\n        <\/article>\n                <article class=\"stage_item\">        <!-- m\u00eame classe que \"stages\" -->\n            <div class=\"post_thumbnail\">\n                <a href=\"https:\/\/urdla.com\/blog\/unissons\/\" class=\"post_thumbnail\">\n                    <img width=\"1568\" height=\"2091\" src=\"https:\/\/urdla.com\/blog\/wp-content\/uploads\/2025\/06\/unnamed-2-1568x2091.jpg\" class=\"attachment-post-thumbnail size-post-thumbnail wp-post-image\" alt=\"\" loading=\"lazy\" srcset=\"https:\/\/urdla.com\/blog\/wp-content\/uploads\/2025\/06\/unnamed-2-1568x2091.jpg 1568w, https:\/\/urdla.com\/blog\/wp-content\/uploads\/2025\/06\/unnamed-2-225x300.jpg 225w, https:\/\/urdla.com\/blog\/wp-content\/uploads\/2025\/06\/unnamed-2-768x1024.jpg 768w, https:\/\/urdla.com\/blog\/wp-content\/uploads\/2025\/06\/unnamed-2-1152x1536.jpg 1152w, https:\/\/urdla.com\/blog\/wp-content\/uploads\/2025\/06\/unnamed-2-1536x2048.jpg 1536w, https:\/\/urdla.com\/blog\/wp-content\/uploads\/2025\/06\/unnamed-2-1500x2000.jpg 1500w, https:\/\/urdla.com\/blog\/wp-content\/uploads\/2025\/06\/unnamed-2-scaled.jpg 1920w\" sizes=\"(max-width: 1568px) 100vw, 1568px\" \/>                <\/a>\n            <\/div>\n\n            <div class=\"post_content\">\n                <h2 class=\"post-title\"><a href=\"https:\/\/urdla.com\/blog\/unissons\/\">Unissons<\/a><\/h2>\n                <div class=\"entry-content\"><p>Unissons<\/br>\r\n\u00c9cole Simone Veil, Villeurbanne<\/br>\r\nRobinson Haas<\/br>\r\n[...]<\/p><\/div>\n                <a href=\"https:\/\/urdla.com\/blog\/unissons\/\" class=\"read_more\">Lire la suite <i class=\"icon-readmore\"><\/i><\/a>\n            <\/div>\n        <\/article>\n                <article class=\"stage_item\">        <!-- m\u00eame classe que \"stages\" -->\n            <div class=\"post_thumbnail\">\n                <a href=\"https:\/\/urdla.com\/blog\/archi-lino\/\" class=\"post_thumbnail\">\n                    <img width=\"1568\" height=\"1020\" src=\"https:\/\/urdla.com\/blog\/wp-content\/uploads\/2025\/07\/IMG_8755-1568x1020.jpg\" class=\"attachment-post-thumbnail size-post-thumbnail wp-post-image\" alt=\"\" loading=\"lazy\" srcset=\"https:\/\/urdla.com\/blog\/wp-content\/uploads\/2025\/07\/IMG_8755-1568x1020.jpg 1568w, https:\/\/urdla.com\/blog\/wp-content\/uploads\/2025\/07\/IMG_8755-300x195.jpg 300w, https:\/\/urdla.com\/blog\/wp-content\/uploads\/2025\/07\/IMG_8755-1024x666.jpg 1024w, https:\/\/urdla.com\/blog\/wp-content\/uploads\/2025\/07\/IMG_8755-768x500.jpg 768w, https:\/\/urdla.com\/blog\/wp-content\/uploads\/2025\/07\/IMG_8755-1536x999.jpg 1536w, https:\/\/urdla.com\/blog\/wp-content\/uploads\/2025\/07\/IMG_8755-2048x1332.jpg 2048w, https:\/\/urdla.com\/blog\/wp-content\/uploads\/2025\/07\/IMG_8755-2000x1301.jpg 2000w\" sizes=\"(max-width: 1568px) 100vw, 1568px\" \/>                <\/a>\n            <\/div>\n\n            <div class=\"post_content\">\n                <h2 class=\"post-title\"><a href=\"https:\/\/urdla.com\/blog\/archi-lino\/\">Archi-lino<\/a><\/h2>\n                <div class=\"entry-content\"><p>Archi-lino<\/br>\r\n\u00c9cole Simone Veil, Villeurbanne<\/br>\r\nLaura Ben Ha\u00efba<\/br>\r\n[...]<\/p><\/div>\n                <a href=\"https:\/\/urdla.com\/blog\/archi-lino\/\" class=\"read_more\">Lire la suite <i class=\"icon-readmore\"><\/i><\/a>\n            <\/div>\n        <\/article>\n                <article class=\"stage_item\">        <!-- m\u00eame classe que \"stages\" -->\n            <div class=\"post_thumbnail\">\n                <a href=\"https:\/\/urdla.com\/blog\/beaujeu-et-belles-vignettes\/\" class=\"post_thumbnail\">\n                    <img width=\"1568\" height=\"1200\" src=\"https:\/\/urdla.com\/blog\/wp-content\/uploads\/2025\/05\/SKM_C250i25041512192-1568x1200.jpg\" class=\"attachment-post-thumbnail size-post-thumbnail wp-post-image\" alt=\"\" loading=\"lazy\" srcset=\"https:\/\/urdla.com\/blog\/wp-content\/uploads\/2025\/05\/SKM_C250i25041512192-1568x1200.jpg 1568w, https:\/\/urdla.com\/blog\/wp-content\/uploads\/2025\/05\/SKM_C250i25041512192-300x230.jpg 300w, https:\/\/urdla.com\/blog\/wp-content\/uploads\/2025\/05\/SKM_C250i25041512192-1024x784.jpg 1024w, https:\/\/urdla.com\/blog\/wp-content\/uploads\/2025\/05\/SKM_C250i25041512192-768x588.jpg 768w, https:\/\/urdla.com\/blog\/wp-content\/uploads\/2025\/05\/SKM_C250i25041512192-1536x1176.jpg 1536w, https:\/\/urdla.com\/blog\/wp-content\/uploads\/2025\/05\/SKM_C250i25041512192.jpg 1863w\" sizes=\"(max-width: 1568px) 100vw, 1568px\" \/>                <\/a>\n            <\/div>\n\n            <div class=\"post_content\">\n                <h2 class=\"post-title\"><a href=\"https:\/\/urdla.com\/blog\/beaujeu-et-belles-vignettes\/\">Beaujeu et Belles Vignettes<\/a><\/h2>\n                <div class=\"entry-content\"><p>Beaujeu et Belles Vignettes<\/br>\r\nColl\u00e8ge du Val d'Ardi\u00e8res, Beaujeu<\/br>\r\nLaura Ben Ha\u00efba<\/br>[...]<\/p><\/div>\n                <a href=\"https:\/\/urdla.com\/blog\/beaujeu-et-belles-vignettes\/\" class=\"read_more\">Lire la suite <i class=\"icon-readmore\"><\/i><\/a>\n            <\/div>\n        <\/article>\n                <article class=\"stage_item\">        <!-- m\u00eame classe que \"stages\" -->\n            <div class=\"post_thumbnail\">\n                <a href=\"https:\/\/urdla.com\/blog\/nuances-nuancees\/\" class=\"post_thumbnail\">\n                    <img width=\"701\" height=\"396\" src=\"https:\/\/urdla.com\/blog\/wp-content\/uploads\/2025\/05\/Capture-decran-2025-05-20-a-17.17.01.png\" class=\"attachment-post-thumbnail size-post-thumbnail wp-post-image\" alt=\"\" loading=\"lazy\" srcset=\"https:\/\/urdla.com\/blog\/wp-content\/uploads\/2025\/05\/Capture-decran-2025-05-20-a-17.17.01.png 701w, https:\/\/urdla.com\/blog\/wp-content\/uploads\/2025\/05\/Capture-decran-2025-05-20-a-17.17.01-300x169.png 300w\" sizes=\"(max-width: 701px) 100vw, 701px\" \/>                <\/a>\n            <\/div>\n\n            <div class=\"post_content\">\n                <h2 class=\"post-title\"><a href=\"https:\/\/urdla.com\/blog\/nuances-nuancees\/\">Nuances nuanc\u00e9es<\/a><\/h2>\n                <div class=\"entry-content\"><p>Nuances nuanc\u00e9es<\/br>\r\nLyc\u00e9e Pierre Brossolette, Villeurbanne<\/br>\r\nLaura Ben Ha\u00efba<\/br>\r\n[...]<\/p><\/div>\n                <a href=\"https:\/\/urdla.com\/blog\/nuances-nuancees\/\" class=\"read_more\">Lire la suite <i class=\"icon-readmore\"><\/i><\/a>\n            <\/div>\n        <\/article>\n                <article class=\"stage_item\">        <!-- m\u00eame classe que \"stages\" -->\n            <div class=\"post_thumbnail\">\n                <a href=\"https:\/\/urdla.com\/blog\/projections\/\" class=\"post_thumbnail\">\n                    <img width=\"1568\" height=\"1176\" src=\"https:\/\/urdla.com\/blog\/wp-content\/uploads\/2025\/07\/IMG_4595_nb-1568x1176.jpg\" class=\"attachment-post-thumbnail size-post-thumbnail wp-post-image\" alt=\"\" loading=\"lazy\" srcset=\"https:\/\/urdla.com\/blog\/wp-content\/uploads\/2025\/07\/IMG_4595_nb-1568x1176.jpg 1568w, https:\/\/urdla.com\/blog\/wp-content\/uploads\/2025\/07\/IMG_4595_nb-300x225.jpg 300w, https:\/\/urdla.com\/blog\/wp-content\/uploads\/2025\/07\/IMG_4595_nb-1024x768.jpg 1024w, https:\/\/urdla.com\/blog\/wp-content\/uploads\/2025\/07\/IMG_4595_nb-768x576.jpg 768w, https:\/\/urdla.com\/blog\/wp-content\/uploads\/2025\/07\/IMG_4595_nb-1536x1152.jpg 1536w, https:\/\/urdla.com\/blog\/wp-content\/uploads\/2025\/07\/IMG_4595_nb-2048x1536.jpg 2048w, https:\/\/urdla.com\/blog\/wp-content\/uploads\/2025\/07\/IMG_4595_nb-2000x1500.jpg 2000w\" sizes=\"(max-width: 1568px) 100vw, 1568px\" \/>                <\/a>\n            <\/div>\n\n            <div class=\"post_content\">\n                <h2 class=\"post-title\"><a href=\"https:\/\/urdla.com\/blog\/projections\/\">Projections<\/a><\/h2>\n                <div class=\"entry-content\"><p>Projections<\/br>\r\ncit\u00e9 scolaire Antoine de Saint-Exup\u00e9ry, Lyon<\/br>\r\nFr\u00e9d\u00e9ric Khodja<\/br>\r\n[...]<\/p><\/div>\n                <a href=\"https:\/\/urdla.com\/blog\/projections\/\" class=\"read_more\">Lire la suite <i class=\"icon-readmore\"><\/i><\/a>\n            <\/div>\n        <\/article>\n                <article class=\"stage_item\">        <!-- m\u00eame classe que \"stages\" -->\n            <div class=\"post_thumbnail\">\n                <a href=\"https:\/\/urdla.com\/blog\/lunivers-des-pleaides-lycee-la-pleiade-remi-de-chiara\/\" class=\"post_thumbnail\">\n                    <img width=\"1568\" height=\"2204\" src=\"https:\/\/urdla.com\/blog\/wp-content\/uploads\/2025\/03\/couverture-1568x2204.jpg\" class=\"attachment-post-thumbnail size-post-thumbnail wp-post-image\" alt=\"\" loading=\"lazy\" srcset=\"https:\/\/urdla.com\/blog\/wp-content\/uploads\/2025\/03\/couverture-1568x2204.jpg 1568w, https:\/\/urdla.com\/blog\/wp-content\/uploads\/2025\/03\/couverture-213x300.jpg 213w, https:\/\/urdla.com\/blog\/wp-content\/uploads\/2025\/03\/couverture-729x1024.jpg 729w, https:\/\/urdla.com\/blog\/wp-content\/uploads\/2025\/03\/couverture-768x1079.jpg 768w, https:\/\/urdla.com\/blog\/wp-content\/uploads\/2025\/03\/couverture-1093x1536.jpg 1093w, https:\/\/urdla.com\/blog\/wp-content\/uploads\/2025\/03\/couverture-1457x2048.jpg 1457w, https:\/\/urdla.com\/blog\/wp-content\/uploads\/2025\/03\/couverture-1423x2000.jpg 1423w, https:\/\/urdla.com\/blog\/wp-content\/uploads\/2025\/03\/couverture-scaled.jpg 1821w\" sizes=\"(max-width: 1568px) 100vw, 1568px\" \/>                <\/a>\n            <\/div>\n\n            <div class=\"post_content\">\n                <h2 class=\"post-title\"><a href=\"https:\/\/urdla.com\/blog\/lunivers-des-pleaides-lycee-la-pleiade-remi-de-chiara\/\">L&rsquo;univers des Pl\u00e9iades, Lyc\u00e9e La Pl\u00e9iade, R\u00e9mi De Chiara<\/a><\/h2>\n                <div class=\"entry-content\"><p>Samedi 22 mars restitution de L'univers des Pl\u00e9iades, atelier artistique de R\u00e9mi De Chiara au Lyc\u00e9e La Pl\u00e9iade de Pont-de-Ch\u00e9ruy [...]<\/p><\/div>\n                <a href=\"https:\/\/urdla.com\/blog\/lunivers-des-pleaides-lycee-la-pleiade-remi-de-chiara\/\" class=\"read_more\">Lire la suite <i class=\"icon-readmore\"><\/i><\/a>\n            <\/div>\n        <\/article>\n                <article class=\"stage_item\">        <!-- m\u00eame classe que \"stages\" -->\n            <div class=\"post_thumbnail\">\n                <a href=\"https:\/\/urdla.com\/blog\/a-livres-ouverts-college-jean-mace-maite-marra\/\" class=\"post_thumbnail\">\n                    <img width=\"1568\" height=\"1176\" src=\"https:\/\/urdla.com\/blog\/wp-content\/uploads\/2024\/06\/DCF89E20-BE35-416D-9019-BB1A8AAF8376-1568x1176.jpeg\" class=\"attachment-post-thumbnail size-post-thumbnail wp-post-image\" alt=\"\" loading=\"lazy\" srcset=\"https:\/\/urdla.com\/blog\/wp-content\/uploads\/2024\/06\/DCF89E20-BE35-416D-9019-BB1A8AAF8376-1568x1176.jpeg 1568w, https:\/\/urdla.com\/blog\/wp-content\/uploads\/2024\/06\/DCF89E20-BE35-416D-9019-BB1A8AAF8376-300x225.jpeg 300w, https:\/\/urdla.com\/blog\/wp-content\/uploads\/2024\/06\/DCF89E20-BE35-416D-9019-BB1A8AAF8376-1024x768.jpeg 1024w, https:\/\/urdla.com\/blog\/wp-content\/uploads\/2024\/06\/DCF89E20-BE35-416D-9019-BB1A8AAF8376-768x576.jpeg 768w, https:\/\/urdla.com\/blog\/wp-content\/uploads\/2024\/06\/DCF89E20-BE35-416D-9019-BB1A8AAF8376-1536x1152.jpeg 1536w, https:\/\/urdla.com\/blog\/wp-content\/uploads\/2024\/06\/DCF89E20-BE35-416D-9019-BB1A8AAF8376-2048x1536.jpeg 2048w, https:\/\/urdla.com\/blog\/wp-content\/uploads\/2024\/06\/DCF89E20-BE35-416D-9019-BB1A8AAF8376-2000x1500.jpeg 2000w\" sizes=\"(max-width: 1568px) 100vw, 1568px\" \/>                <\/a>\n            <\/div>\n\n            <div class=\"post_content\">\n                <h2 class=\"post-title\"><a href=\"https:\/\/urdla.com\/blog\/a-livres-ouverts-college-jean-mace-maite-marra\/\">\u00c0 livres ouverts, coll\u00e8ge Jean Mac\u00e9, Ma\u00eft\u00e9 Marra<\/a><\/h2>\n                <div class=\"entry-content\"><p>Pre\u0301sentation des travaux re\u0301alise\u0301s\u00a0par les e\u0301le\u0300ves de 3e 3 du colle\u0300ge Jean Mace\u0301 de Villeurbanne sous la direction artistique de Mai\u0308te\u0301 Marra.[...]<\/p><\/div>\n                <a href=\"https:\/\/urdla.com\/blog\/a-livres-ouverts-college-jean-mace-maite-marra\/\" class=\"read_more\">Lire la suite <i class=\"icon-readmore\"><\/i><\/a>\n            <\/div>\n        <\/article>\n                <article class=\"stage_item\">        <!-- m\u00eame classe que \"stages\" -->\n            <div class=\"post_thumbnail\">\n                <a href=\"https:\/\/urdla.com\/blog\/formes-sonores-exposition-a-lespace-info-de-villeurbanne\/\" class=\"post_thumbnail\">\n                    <img width=\"1568\" height=\"706\" src=\"https:\/\/urdla.com\/blog\/wp-content\/uploads\/2024\/04\/20240130_135815-1568x706.jpg\" class=\"attachment-post-thumbnail size-post-thumbnail wp-post-image\" alt=\"\" loading=\"lazy\" srcset=\"https:\/\/urdla.com\/blog\/wp-content\/uploads\/2024\/04\/20240130_135815-1568x706.jpg 1568w, https:\/\/urdla.com\/blog\/wp-content\/uploads\/2024\/04\/20240130_135815-300x135.jpg 300w, https:\/\/urdla.com\/blog\/wp-content\/uploads\/2024\/04\/20240130_135815-1024x461.jpg 1024w, https:\/\/urdla.com\/blog\/wp-content\/uploads\/2024\/04\/20240130_135815-768x346.jpg 768w, https:\/\/urdla.com\/blog\/wp-content\/uploads\/2024\/04\/20240130_135815-1536x692.jpg 1536w, https:\/\/urdla.com\/blog\/wp-content\/uploads\/2024\/04\/20240130_135815-2048x922.jpg 2048w, https:\/\/urdla.com\/blog\/wp-content\/uploads\/2024\/04\/20240130_135815-2000x901.jpg 2000w\" sizes=\"(max-width: 1568px) 100vw, 1568px\" \/>                <\/a>\n            <\/div>\n\n            <div class=\"post_content\">\n                <h2 class=\"post-title\"><a href=\"https:\/\/urdla.com\/blog\/formes-sonores-exposition-a-lespace-info-de-villeurbanne\/\">Formes sonores, exposition \u00e0 l\u2019Espace Info de Villeurbanne<\/a><\/h2>\n                <div class=\"entry-content\"><p>Exposition issue du parcours d'\u00e9ducation artistique et culturelle dirig\u00e9 par R\u00e9my Jacquier et coordonn\u00e9 par URDLA[...]<\/p><\/div>\n                <a href=\"https:\/\/urdla.com\/blog\/formes-sonores-exposition-a-lespace-info-de-villeurbanne\/\" class=\"read_more\">Lire la suite <i class=\"icon-readmore\"><\/i><\/a>\n            <\/div>\n        <\/article>\n                <article class=\"stage_item\">        <!-- m\u00eame classe que \"stages\" -->\n            <div class=\"post_thumbnail\">\n                <a href=\"https:\/\/urdla.com\/blog\/apres-vous-un-artiste-a-lecole\/\" class=\"post_thumbnail\">\n                    <img width=\"1568\" height=\"1045\" src=\"https:\/\/urdla.com\/blog\/wp-content\/uploads\/2023\/12\/IMG_1046-1568x1045.jpg\" class=\"attachment-post-thumbnail size-post-thumbnail wp-post-image\" alt=\"\" loading=\"lazy\" srcset=\"https:\/\/urdla.com\/blog\/wp-content\/uploads\/2023\/12\/IMG_1046-1568x1045.jpg 1568w, https:\/\/urdla.com\/blog\/wp-content\/uploads\/2023\/12\/IMG_1046-300x200.jpg 300w, https:\/\/urdla.com\/blog\/wp-content\/uploads\/2023\/12\/IMG_1046-1024x683.jpg 1024w, https:\/\/urdla.com\/blog\/wp-content\/uploads\/2023\/12\/IMG_1046-768x512.jpg 768w, https:\/\/urdla.com\/blog\/wp-content\/uploads\/2023\/12\/IMG_1046-1536x1024.jpg 1536w, https:\/\/urdla.com\/blog\/wp-content\/uploads\/2023\/12\/IMG_1046-2048x1365.jpg 2048w, https:\/\/urdla.com\/blog\/wp-content\/uploads\/2023\/12\/IMG_1046-2000x1333.jpg 2000w, https:\/\/urdla.com\/blog\/wp-content\/uploads\/2023\/12\/IMG_1046-272x182.jpg 272w\" sizes=\"(max-width: 1568px) 100vw, 1568px\" \/>                <\/a>\n            <\/div>\n\n            <div class=\"post_content\">\n                <h2 class=\"post-title\"><a href=\"https:\/\/urdla.com\/blog\/apres-vous-un-artiste-a-lecole\/\">Apr\u00e8s vous, un artiste \u00e0 l&rsquo;\u00e9cole<\/a><\/h2>\n                <div class=\"entry-content\"><p>Du 6 octobre au 22 d\u00e9cembre 2023, URDLA coordonne l\u2019Atelier itin\u00e9rant men\u00e9 par Robinson Haas \u00e0 l\u2019\u00e9cole \u00e9l\u00e9mentaire Ch\u00e2teau-Gaillard de Villeurbanne.[...]<\/p><\/div>\n                <a href=\"https:\/\/urdla.com\/blog\/apres-vous-un-artiste-a-lecole\/\" class=\"read_more\">Lire la suite <i class=\"icon-readmore\"><\/i><\/a>\n            <\/div>\n        <\/article>\n        <\/div><div id=\"panel-139318-2-0-0\" class=\"so-panel widget widget_text panel-first-child panel-last-child\" data-index=\"2\" >\t\t\t<div class=\"textwidget\">\n<\/div>\n\t\t<\/div><\/div><\/div><\/div>","protected":false},"excerpt":{"rendered":"<p>Scuola URDLA SCUOLA URDLA d\u00e9veloppe des parcours et des projets qui visent \u00e0 permettre un rencontre avec les pratiques visuelles d\u2019aujourd\u2019hui pour les publics dans toute leur \u00e9tendue : depuis la petite enfance jusqu\u2019\u00e0 l\u2019enseignement sup\u00e9rieur. La sp\u00e9cificit\u00e9 d\u2019URDLA permet d\u2019articule aux savoir-faire de l\u2019estampe. Qu\u2019est-ce qu\u2019un parcours d\u2019\u00e9ducation artistique \u00e0 URDLA ? \u2013 Un [&hellip;]<\/p>\n","protected":false},"author":4,"featured_media":0,"parent":0,"menu_order":0,"comment_status":"closed","ping_status":"closed","template":"","meta":[],"acf":[],"_links":{"self":[{"href":"https:\/\/urdla.com\/blog\/wp-json\/wp\/v2\/pages\/139318"}],"collection":[{"href":"https:\/\/urdla.com\/blog\/wp-json\/wp\/v2\/pages"}],"about":[{"href":"https:\/\/urdla.com\/blog\/wp-json\/wp\/v2\/types\/page"}],"author":[{"embeddable":true,"href":"https:\/\/urdla.com\/blog\/wp-json\/wp\/v2\/users\/4"}],"replies":[{"embeddable":true,"href":"https:\/\/urdla.com\/blog\/wp-json\/wp\/v2\/comments?post=139318"}],"version-history":[{"count":32,"href":"https:\/\/urdla.com\/blog\/wp-json\/wp\/v2\/pages\/139318\/revisions"}],"predecessor-version":[{"id":158908,"href":"https:\/\/urdla.com\/blog\/wp-json\/wp\/v2\/pages\/139318\/revisions\/158908"}],"wp:attachment":[{"href":"https:\/\/urdla.com\/blog\/wp-json\/wp\/v2\/media?parent=139318"}],"curies":[{"name":"wp","href":"https:\/\/api.w.org\/{rel}","templated":true}]}}